{"id":110,"date":"2016-01-16T05:16:48","date_gmt":"2016-01-16T05:16:48","guid":{"rendered":"http:\/\/demo.thembay.com\/megabuy2\/?page_id=110"},"modified":"2023-09-16T01:18:27","modified_gmt":"2023-09-15T22:18:27","slug":"home","status":"publish","type":"page","link":"https:\/\/web-demo.com.tr\/v6\/","title":{"rendered":"Home"},"content":{"rendered":"<section class=\"wpb-content-wrapper\"><p>[vc_row full_width=&#8221;stretch_row_content_no_spaces&#8221; conainer_full=&#8221;1&#8243; css=&#8221;.vc_custom_1550137610216{padding-bottom: 35px !important;}&#8221;][vc_column]\n\t\t\t<!-- START Technologyv2 REVOLUTION SLIDER 6.6.16 --><p class=\"rs-p-wp-fix\"><\/p>\n\t\t\t<rs-module-wrap id=\"rev_slider_1_1_wrapper\" data-source=\"gallery\" style=\"visibility:hidden;background:transparent;padding:0;margin:0px auto;margin-top:0;margin-bottom:0;\">\n\t\t\t\t<rs-module id=\"rev_slider_1_1\" style=\"\" data-version=\"6.6.16\">\n\t\t\t\t\t<rs-slides style=\"overflow: hidden; position: absolute;\">\n\t\t\t\t\t\t<rs-slide style=\"position: absolute;\" data-key=\"rs-1\" data-title=\"Slide\" data-thumb=\"\/\/web-demo.com.tr\/v6\/wp-content\/uploads\/2018\/08\/slider-2-100x50.jpg\" data-anim=\"p:dark;\" data-in=\"o:0;\" data-out=\"o:0;\">\n\t\t\t\t\t\t\t<img decoding=\"async\" src=\"\/\/web-demo.com.tr\/v6\/wp-content\/plugins\/revslider\/public\/assets\/assets\/dummy.png\" alt=\"\" title=\"slider-2\" width=\"1920\" height=\"430\" class=\"rev-slidebg tp-rs-img rs-lazyload\" data-lazyload=\"\/\/web-demo.com.tr\/v6\/wp-content\/uploads\/2018\/08\/slider-2.jpg\" data-no-retina>\n<!--\n\t\t\t\t\t\t\t--><rs-layer\n\t\t\t\t\t\t\t\tid=\"slider-1-slide-1-layer-1\" \n\t\t\t\t\t\t\t\tdata-type=\"text\"\n\t\t\t\t\t\t\t\tdata-color=\"#474da2\"\n\t\t\t\t\t\t\t\tdata-rsp_ch=\"on\"\n\t\t\t\t\t\t\t\tdata-xy=\"x:l,l,l,c;xo:310px,200px,169px,0;yo:140px,141px,141px,141px;\"\n\t\t\t\t\t\t\t\tdata-text=\"w:normal,nowrap,nowrap,normal;s:40;l:36,37,37,37;fw:500;a:inherit,inherit,inherit,center;\"\n\t\t\t\t\t\t\t\tdata-dim=\"w:356px,auto,auto,417px;\"\n\t\t\t\t\t\t\t\tdata-frame_0=\"y:-100%;o:1;\"\n\t\t\t\t\t\t\t\tdata-frame_0_mask=\"u:t;\"\n\t\t\t\t\t\t\t\tdata-frame_1=\"e:power2.inOut;st:100;sp:2000;sR:100;\"\n\t\t\t\t\t\t\t\tdata-frame_1_mask=\"u:t;\"\n\t\t\t\t\t\t\t\tdata-frame_999=\"o:0;e:nothing;st:w;sp:0;sR:6900;\"\n\t\t\t\t\t\t\t\tstyle=\"z-index:5;font-family:'Poppins';\"\n\t\t\t\t\t\t\t>iPad Swivel Stand\n \n\t\t\t\t\t\t\t<\/rs-layer><!--\n\n\t\t\t\t\t\t\t--><rs-layer\n\t\t\t\t\t\t\t\tid=\"slider-1-slide-1-layer-2\" \n\t\t\t\t\t\t\t\tdata-type=\"text\"\n\t\t\t\t\t\t\t\tdata-color=\"#888888||#000000||#000000||#888888\"\n\t\t\t\t\t\t\t\tdata-xy=\"x:l,l,l,c;xo:310px,200px,297px,0;yo:103px,115px,116px,116px;\"\n\t\t\t\t\t\t\t\tdata-text=\"s:14;l:33,25,25,20;ls:0,0,0,1px;fw:400,300,300,300;a:inherit,inherit,inherit,center;\"\n\t\t\t\t\t\t\t\tdata-rsp_bd=\"off\"\n\t\t\t\t\t\t\t\tdata-frame_0=\"y:-100%;o:1;\"\n\t\t\t\t\t\t\t\tdata-frame_0_mask=\"u:t;\"\n\t\t\t\t\t\t\t\tdata-frame_1=\"e:power2.inOut;st:200;sp:2000;sR:200;\"\n\t\t\t\t\t\t\t\tdata-frame_1_mask=\"u:t;\"\n\t\t\t\t\t\t\t\tdata-frame_999=\"o:0;e:nothing;st:w;sp:0;sR:6800;\"\n\t\t\t\t\t\t\t\tstyle=\"z-index:6;font-family:'Poppins';text-transform:uppercase;\"\n\t\t\t\t\t\t\t>Son teknoloji \n\t\t\t\t\t\t\t<\/rs-layer><!--\n\n\t\t\t\t\t\t\t--><rs-layer\n\t\t\t\t\t\t\t\tid=\"slider-1-slide-1-layer-5\" \n\t\t\t\t\t\t\t\tdata-type=\"text\"\n\t\t\t\t\t\t\t\tdata-color=\"#000000\"\n\t\t\t\t\t\t\t\tdata-rsp_ch=\"on\"\n\t\t\t\t\t\t\t\tdata-xy=\"x:l,l,l,c;xo:310px,200px,201px,0;yo:177px,179px,179px,179px;\"\n\t\t\t\t\t\t\t\tdata-text=\"s:40;l:36,33,33,33;a:inherit;\"\n\t\t\t\t\t\t\t\tdata-frame_0=\"y:-50px;\"\n\t\t\t\t\t\t\t\tdata-frame_1=\"st:710;sp:2000;sR:710;\"\n\t\t\t\t\t\t\t\tdata-frame_999=\"o:0;st:w;sR:6290;\"\n\t\t\t\t\t\t\t\tstyle=\"z-index:7;font-family:'Poppins';\"\n\t\t\t\t\t\t\t>50% \u0130ndirimli. \n\t\t\t\t\t\t\t<\/rs-layer><!--\n\n\t\t\t\t\t\t\t--><rs-layer\n\t\t\t\t\t\t\t\tid=\"slider-1-slide-1-layer-7\" \n\t\t\t\t\t\t\t\tdata-type=\"text\"\n\t\t\t\t\t\t\t\tdata-color=\"#ff0202\"\n\t\t\t\t\t\t\t\tdata-xy=\"x:l,l,l,c;xo:310px,200px,279px,0;yo:223px,218px,218px,218px;\"\n\t\t\t\t\t\t\t\tdata-text=\"s:15;l:24,33,33,33;a:inherit;\"\n\t\t\t\t\t\t\t\tdata-rsp_bd=\"off\"\n\t\t\t\t\t\t\t\tdata-frame_0=\"y:50px;\"\n\t\t\t\t\t\t\t\tdata-frame_1=\"st:1340;sp:2000;sR:1340;\"\n\t\t\t\t\t\t\t\tdata-frame_999=\"o:0;st:w;sR:5660;\"\n\t\t\t\t\t\t\t\tstyle=\"z-index:8;font-family:'Poppins';\"\n\t\t\t\t\t\t\t>Sadece $99.99 \n\t\t\t\t\t\t\t<\/rs-layer><!--\n\n\t\t\t\t\t\t\t--><a\n\t\t\t\t\t\t\t\tid=\"slider-1-slide-1-layer-8\" \n\t\t\t\t\t\t\t\tclass=\"rs-layer rev-btn\"\n\t\t\t\t\t\t\t\thref=\"https:\/\/urnawp.com\/technology-v2\/shop\" target=\"_blank\" rel=\"nofollow noopener\"\n\t\t\t\t\t\t\t\tdata-type=\"button\"\n\t\t\t\t\t\t\t\tdata-color=\"#000000\"\n\t\t\t\t\t\t\t\tdata-xy=\"x:l,l,l,c;xo:310px,200px,274px,0;yo:265px,266px,266px,266px;\"\n\t\t\t\t\t\t\t\tdata-text=\"s:13;l:44,42,42,42;fw:500;a:inherit;\"\n\t\t\t\t\t\t\t\tdata-rsp_bd=\"off\"\n\t\t\t\t\t\t\t\tdata-padding=\"r:38;l:38;\"\n\t\t\t\t\t\t\t\tdata-frame_0=\"y:50;\"\n\t\t\t\t\t\t\t\tdata-frame_1=\"st:1970;sp:500;\"\n\t\t\t\t\t\t\t\tdata-frame_999=\"o:0;st:w;sR:5030;\"\n\t\t\t\t\t\t\t\tdata-frame_hover=\"c:#000;bgc:#ffd200;boc:#000;bor:0px,0px,0px,0px;bos:solid;oX:50;oY:50;sp:0;\"\n\t\t\t\t\t\t\t\tstyle=\"z-index:9;background-color:#ffd200;font-family:'Poppins';cursor:pointer;-webkit-transition:all 0.5s ease-in-out 0s;-o-transition:all 0.5s ease-in-out 0s;transition:all 0.5s ease-in-out 0s;\"\n\t\t\t\t\t\t\t>Sat\u0131n Al \n\t\t\t\t\t\t\t<\/a><!--\n-->\t\t\t\t\t\t<\/rs-slide>\n\t\t\t\t\t\t<rs-slide style=\"position: absolute;\" data-key=\"rs-2\" data-title=\"Slide\" data-thumb=\"\/\/web-demo.com.tr\/v6\/wp-content\/uploads\/2019\/06\/slider-1-100x50.jpg\" data-anim=\"p:dark;\" data-in=\"o:0;\" data-out=\"o:0;\">\n\t\t\t\t\t\t\t<img decoding=\"async\" src=\"\/\/web-demo.com.tr\/v6\/wp-content\/plugins\/revslider\/public\/assets\/assets\/dummy.png\" alt=\"\" title=\"slider-1.jpg\" width=\"1920\" height=\"430\" class=\"rev-slidebg tp-rs-img rs-lazyload\" data-lazyload=\"\/\/web-demo.com.tr\/v6\/wp-content\/uploads\/2019\/06\/slider-1.jpg\" data-no-retina>\n<!--\n\t\t\t\t\t\t\t--><rs-layer\n\t\t\t\t\t\t\t\tid=\"slider-1-slide-2-layer-1\" \n\t\t\t\t\t\t\t\tdata-type=\"text\"\n\t\t\t\t\t\t\t\tdata-color=\"#474da2\"\n\t\t\t\t\t\t\t\tdata-rsp_ch=\"on\"\n\t\t\t\t\t\t\t\tdata-xy=\"x:l,l,l,c;xo:310px,200px,169px,0;yo:129px,133px,135px,135px;\"\n\t\t\t\t\t\t\t\tdata-text=\"w:nowrap,nowrap,nowrap,normal;s:40;l:50,45,44,44;fw:500;a:inherit,inherit,inherit,center;\"\n\t\t\t\t\t\t\t\tdata-dim=\"w:auto,auto,auto,417px;\"\n\t\t\t\t\t\t\t\tdata-frame_0=\"y:-100%;o:1;\"\n\t\t\t\t\t\t\t\tdata-frame_0_mask=\"u:t;\"\n\t\t\t\t\t\t\t\tdata-frame_1=\"e:power2.inOut;st:100;sp:2000;sR:100;\"\n\t\t\t\t\t\t\t\tdata-frame_1_mask=\"u:t;\"\n\t\t\t\t\t\t\t\tdata-frame_999=\"o:0;e:nothing;st:w;sp:0;sR:6900;\"\n\t\t\t\t\t\t\t\tstyle=\"z-index:5;font-family:'Poppins';\"\n\t\t\t\t\t\t\t>Samsung Lab QLED\n \n\t\t\t\t\t\t\t<\/rs-layer><!--\n\n\t\t\t\t\t\t\t--><rs-layer\n\t\t\t\t\t\t\t\tid=\"slider-1-slide-2-layer-2\" \n\t\t\t\t\t\t\t\tdata-type=\"text\"\n\t\t\t\t\t\t\t\tdata-color=\"#888888||#000000||#000000||#888888\"\n\t\t\t\t\t\t\t\tdata-xy=\"x:l,l,l,c;xo:310px,200px,297px,0;yo:111px,115px,116px,116px;\"\n\t\t\t\t\t\t\t\tdata-text=\"s:14;l:33,25,25,20;ls:0,0,0,1px;fw:400,300,300,300;a:inherit,inherit,inherit,center;\"\n\t\t\t\t\t\t\t\tdata-rsp_bd=\"off\"\n\t\t\t\t\t\t\t\tdata-frame_0=\"y:-100%;o:1;\"\n\t\t\t\t\t\t\t\tdata-frame_0_mask=\"u:t;\"\n\t\t\t\t\t\t\t\tdata-frame_1=\"e:power2.inOut;st:200;sp:2000;sR:200;\"\n\t\t\t\t\t\t\t\tdata-frame_1_mask=\"u:t;\"\n\t\t\t\t\t\t\t\tdata-frame_999=\"o:0;e:nothing;st:w;sp:0;sR:6800;\"\n\t\t\t\t\t\t\t\tstyle=\"z-index:6;font-family:'Poppins';text-transform:uppercase;\"\n\t\t\t\t\t\t\t> YEN\u0130 NES\u0130L samsung EKRAN \n\t\t\t\t\t\t\t<\/rs-layer><!--\n\n\t\t\t\t\t\t\t--><rs-layer\n\t\t\t\t\t\t\t\tid=\"slider-1-slide-2-layer-5\" \n\t\t\t\t\t\t\t\tdata-type=\"text\"\n\t\t\t\t\t\t\t\tdata-color=\"#000000\"\n\t\t\t\t\t\t\t\tdata-rsp_ch=\"on\"\n\t\t\t\t\t\t\t\tdata-xy=\"x:l,l,l,c;xo:310px,200px,201px,0;yo:179px;\"\n\t\t\t\t\t\t\t\tdata-text=\"s:40;l:36,33,33,33;a:inherit;\"\n\t\t\t\t\t\t\t\tdata-frame_0=\"y:-50px;\"\n\t\t\t\t\t\t\t\tdata-frame_1=\"st:710;sp:2000;sR:710;\"\n\t\t\t\t\t\t\t\tdata-frame_999=\"o:0;st:w;sR:6290;\"\n\t\t\t\t\t\t\t\tstyle=\"z-index:7;font-family:'Poppins';\"\n\t\t\t\t\t\t\t>Oyun Monitoru \n\t\t\t\t\t\t\t<\/rs-layer><!--\n\n\t\t\t\t\t\t\t--><rs-layer\n\t\t\t\t\t\t\t\tid=\"slider-1-slide-2-layer-7\" \n\t\t\t\t\t\t\t\tdata-type=\"text\"\n\t\t\t\t\t\t\t\tdata-color=\"#ff0202\"\n\t\t\t\t\t\t\t\tdata-rsp_ch=\"on\"\n\t\t\t\t\t\t\t\tdata-xy=\"x:l,l,l,c;xo:310px,200px,279px,0;yo:223px,218px,218px,218px;\"\n\t\t\t\t\t\t\t\tdata-text=\"s:15;l:24,33,33,33;a:inherit;\"\n\t\t\t\t\t\t\t\tdata-frame_0=\"y:50px;\"\n\t\t\t\t\t\t\t\tdata-frame_1=\"st:1340;sp:2000;sR:1340;\"\n\t\t\t\t\t\t\t\tdata-frame_999=\"o:0;st:w;sR:5660;\"\n\t\t\t\t\t\t\t\tstyle=\"z-index:8;font-family:'Poppins';\"\n\t\t\t\t\t\t\t>Sadece $399.00 \n\t\t\t\t\t\t\t<\/rs-layer><!--\n\n\t\t\t\t\t\t\t--><a\n\t\t\t\t\t\t\t\tid=\"slider-1-slide-2-layer-8\" \n\t\t\t\t\t\t\t\tclass=\"rs-layer rev-btn\"\n\t\t\t\t\t\t\t\thref=\"https:\/\/urnawp.com\/technology-v2\/shop\" target=\"_blank\" rel=\"nofollow noopener\"\n\t\t\t\t\t\t\t\tdata-type=\"button\"\n\t\t\t\t\t\t\t\tdata-color=\"#000000\"\n\t\t\t\t\t\t\t\tdata-xy=\"x:l,l,l,c;xo:310px,200px,274px,0;yo:265px,266px,266px,266px;\"\n\t\t\t\t\t\t\t\tdata-text=\"s:13;l:44,42,42,42;fw:500;a:inherit;\"\n\t\t\t\t\t\t\t\tdata-rsp_bd=\"off\"\n\t\t\t\t\t\t\t\tdata-padding=\"r:38;l:38;\"\n\t\t\t\t\t\t\t\tdata-frame_0=\"y:50;\"\n\t\t\t\t\t\t\t\tdata-frame_1=\"st:1970;sp:500;\"\n\t\t\t\t\t\t\t\tdata-frame_999=\"o:0;st:w;sR:5030;\"\n\t\t\t\t\t\t\t\tdata-frame_hover=\"c:#000;bgc:#ffd200;boc:#000;bor:0px,0px,0px,0px;bos:solid;oX:50;oY:50;sp:0;\"\n\t\t\t\t\t\t\t\tstyle=\"z-index:9;background-color:#ffd200;font-family:'Poppins';cursor:pointer;-webkit-transition:all 0.5s ease-in-out 0s;-o-transition:all 0.5s ease-in-out 0s;transition:all 0.5s ease-in-out 0s;\"\n\t\t\t\t\t\t\t>Sat\u0131n Al \n\t\t\t\t\t\t\t<\/a><!--\n-->\t\t\t\t\t\t<\/rs-slide>\n\t\t\t\t\t<\/rs-slides>\n\t\t\t\t<\/rs-module>\n\t\t\t\t<script>\n\t\t\t\t\tsetREVStartSize({c: 'rev_slider_1_1',rl:[1240,1024,778,480],el:[430,430,430,430],gw:[1200,1024,778,480],gh:[430,430,430,430],type:'standard',justify:'',layout:'fullwidth',mh:\"0\"});if (window.RS_MODULES!==undefined && window.RS_MODULES.modules!==undefined && window.RS_MODULES.modules[\"revslider11\"]!==undefined) {window.RS_MODULES.modules[\"revslider11\"].once = false;window.revapi1 = undefined;if (window.RS_MODULES.checkMinimal!==undefined) window.RS_MODULES.checkMinimal()}\n\t\t\t\t<\/script>\n\t\t\t<\/rs-module-wrap>\n\t\t\t<!-- END REVOLUTION SLIDER -->\n[\/vc_column][\/vc_row][vc_row css=&#8221;.vc_custom_1555999871073{padding-bottom: 60px !important;}&#8221;][vc_column][tbay_brands number=&#8221;12&#8243; layout_type=&#8221;grid&#8221; columns=&#8221;6&#8243; screen_desktop=&#8221;6&#8243; screen_desktopsmall=&#8221;6&#8243; screen_tablet=&#8221;4&#8243; screen_mobile=&#8221;3&#8243;][\/vc_column][\/vc_row][vc_row css=&#8221;.vc_custom_1556007640379{padding-bottom: 85px !important;}&#8221;][vc_column][tbay_custom_image_list_categories title=&#8221;Kategoriler&#8221; categoriestabs=&#8221;%5B%7B%22category%22%3A%22%20&#8212;%20Choose%20a%20Category%20&#8212;%20%22%2C%22images%22%3A%226378%22%7D%2C%7B%22category%22%3A%22%20&#8212;%20Choose%20a%20Category%20&#8212;%20%22%2C%22images%22%3A%226379%22%7D%2C%7B%22category%22%3A%22%20&#8212;%20Choose%20a%20Category%20&#8212;%20%22%2C%22images%22%3A%226380%22%7D%2C%7B%22category%22%3A%2256%22%2C%22images%22%3A%226384%22%7D%2C%7B%22category%22%3A%2262%22%2C%22images%22%3A%226385%22%7D%2C%7B%22category%22%3A%2252%22%2C%22images%22%3A%226381%22%7D%2C%7B%22category%22%3A%22%20&#8212;%20Choose%20a%20Category%20&#8212;%20%22%2C%22images%22%3A%226382%22%7D%2C%7B%22category%22%3A%22%20&#8212;%20Choose%20a%20Category%20&#8212;%20%22%2C%22images%22%3A%226383%22%7D%2C%7B%22category%22%3A%22%20&#8212;%20Choose%20a%20Category%20&#8212;%20%22%2C%22images%22%3A%226386%22%7D%5D&#8221; layout_type=&#8221;carousel&#8221; button_show_type=&#8221;all&#8221; show_all_text=&#8221;T\u00fcm Kategoriler&#8221; rows=&#8221;1&#8243; nav_type=&#8221;yes&#8221; pagi_type=&#8221;yes&#8221; columns=&#8221;6&#8243; screen_desktop=&#8221;6&#8243; screen_desktopsmall=&#8221;5&#8243;][\/vc_column][\/vc_row][vc_row css=&#8221;.vc_custom_1550137962170{padding-bottom: 45px !important;}&#8221; el_class=&#8221;padding-5&#8243;][vc_column width=&#8221;1\/3&#8243;][vc_single_image image=&#8221;6370&#8243; img_size=&#8221;full&#8221; alignment=&#8221;center&#8221; onclick=&#8221;custom_link&#8221; link=&#8221;#&#8221;][\/vc_column][vc_column width=&#8221;1\/3&#8243;][vc_single_image image=&#8221;6371&#8243; img_size=&#8221;full&#8221; alignment=&#8221;center&#8221; onclick=&#8221;custom_link&#8221; link=&#8221;#&#8221;][\/vc_column][vc_column width=&#8221;1\/3&#8243;][vc_single_image image=&#8221;6372&#8243; img_size=&#8221;full&#8221; alignment=&#8221;center&#8221; onclick=&#8221;custom_link&#8221; link=&#8221;#&#8221;][\/vc_column][\/vc_row][vc_row full_width=&#8221;stretch_row&#8221; css=&#8221;.vc_custom_1550197303803{padding-top: 40px !important;padding-bottom: 47px !important;background-color: #f5f5f5 !important;}&#8221;][vc_column][vc_row_inner css=&#8221;.vc_custom_1550138004505{padding-bottom: 63px !important;}&#8221;][vc_column_inner][tbay_productstabs show_des=&#8221;yes&#8221; title=&#8221;\u0130ndirimdekiler&#8221; categories=&#8221;34, 45, 83&#8243; producttabs=&#8221;top_rate,best_selling,recent_product,on_sale,featured_product&#8221; layout_type=&#8221;carousel&#8221; ajax_tabs=&#8221;yes&#8221; number=&#8221;8&#8243; rows=&#8221;1&#8243; nav_type=&#8221;yes&#8221; columns=&#8221;5&#8243; screen_desktop=&#8221;5&#8243; screen_desktopsmall=&#8221;4&#8243;][\/vc_column_inner][\/vc_row_inner][vc_row_inner css=&#8221;.vc_custom_1550138036297{padding-bottom: 38px !important;}&#8221;][vc_column_inner][tbay_categoriestabs title=&#8221;Telefon &#038; Tablet&#8221; categoriestabs=&#8221;%5B%7B%22category%22%3A%2264%22%7D%2C%7B%22category%22%3A%2266%22%7D%2C%7B%22category%22%3A%22%20&#8212;%20Choose%20a%20Category%20&#8212;%20%22%7D%2C%7B%22category%22%3A%22%20&#8212;%20Choose%20a%20Category%20&#8212;%20%22%7D%2C%7B%22category%22%3A%22%20&#8212;%20Choose%20a%20Category%20&#8212;%20%22%7D%2C%7B%22category%22%3A%22%20&#8212;%20Choose%20a%20Category%20&#8212;%20%22%7D%2C%7B%22category%22%3A%22%20&#8212;%20Choose%20a%20Category%20&#8212;%20%22%7D%5D&#8221; type_product=&#8221;random_product&#8221; number=&#8221;8&#8243; layout_type=&#8221;carousel&#8221; ajax_tabs=&#8221;yes&#8221; rows=&#8221;1&#8243; nav_type=&#8221;yes&#8221; columns=&#8221;5&#8243; screen_desktop=&#8221;5&#8243; screen_desktopsmall=&#8221;4&#8243;][\/vc_column_inner][\/vc_row_inner][vc_row_inner css=&#8221;.vc_custom_1550196717256{padding-bottom: 34px !important;}&#8221;][vc_column_inner][tbay_categoriestabs title=&#8221;Bilgisayar &#038; Laptop&#8221; categoriestabs=&#8221;%5B%7B%22category%22%3A%22%20&#8212;%20Choose%20a%20Category%20&#8212;%20%22%7D%2C%7B%22category%22%3A%2269%22%7D%2C%7B%22category%22%3A%22%20&#8212;%20Choose%20a%20Category%20&#8212;%20%22%7D%5D&#8221; type_product=&#8221;random_product&#8221; number=&#8221;8&#8243; layout_type=&#8221;carousel&#8221; ajax_tabs=&#8221;yes&#8221; rows=&#8221;1&#8243; nav_type=&#8221;yes&#8221; columns=&#8221;5&#8243; screen_desktop=&#8221;5&#8243; screen_desktopsmall=&#8221;4&#8243;][\/vc_column_inner][\/vc_row_inner][vc_row_inner css=&#8221;.vc_custom_1550197271847{padding-bottom: 48px !important;}&#8221;][vc_column_inner][tbay_testimonials title=&#8221;M\u00fc\u015fteri Yorumlar\u0131m\u0131z&#8221; number=&#8221;8&#8243; rows=&#8221;1&#8243; nav_type=&#8221;yes&#8221; disable_mobile=&#8221;&#8221; columns=&#8221;5&#8243; screen_desktop=&#8221;5&#8243; screen_desktopsmall=&#8221;4&#8243;][\/vc_column_inner][\/vc_row_inner][vc_row_inner][vc_column_inner][tbay_features items=&#8221;%5B%7B%22title%22%3A%22%C3%9Ccretsiz%20Teslimat%20ve%20Kargo%22%2C%22description%22%3A%22Lorem%20ipsum%20dolor%20sit.%22%2C%22icon%22%3A%22linear-icon-truck%22%7D%2C%7B%22title%22%3A%22%C4%B0ade%20Garantisi%22%2C%22description%22%3A%22Lorem%20ipsum%20dolor%20sit.%22%2C%22icon%22%3A%22linear-icon-refund%22%7D%2C%7B%22title%22%3A%227%2F24%20Teknik%20Destek%22%2C%22description%22%3A%22Lorem%20ipsum%20dolor%20sit.%22%2C%22icon%22%3A%22linear-icon-bubbles%22%7D%2C%7B%22title%22%3A%22%C3%9Cye%20Hediyeleri%22%2C%22description%22%3A%22Lorem%20ipsum%20dolor%20sit.%22%2C%22icon%22%3A%22linear-icon-gift%22%7D%5D&#8221; screen_desktopsmall=&#8221;4&#8243; screen_landscape_mobile=&#8221;2&#8243; style=&#8221;default&#8221;][\/vc_column_inner][\/vc_row_inner][\/vc_column][\/vc_row]<\/p>\n<\/section>","protected":false},"excerpt":{"rendered":"<p>[vc_row full_width=&#8221;stretch_row_content_no_spaces&#8221; conainer_full=&#8221;1&#8243; css=&#8221;.vc_custom_1550137610216{padding-bottom: 35px !important;}&#8221;][vc_column][\/vc_column][\/vc_row][vc_row css=&#8221;.vc_custom_1555999871073{padding-bottom: 60px !important;}&#8221;][vc_column][tbay_brands number=&#8221;12&#8243; layout_type=&#8221;grid&#8221; columns=&#8221;6&#8243; screen_desktop=&#8221;6&#8243; screen_desktopsmall=&#8221;6&#8243; screen_tablet=&#8221;4&#8243; screen_mobile=&#8221;3&#8243;][\/vc_column][\/vc_row][vc_row css=&#8221;.vc_custom_1556007640379{padding-bottom: 85px !important;}&#8221;][vc_column][tbay_custom_image_list_categories title=&#8221;Kategoriler&#8221; categoriestabs=&#8221;%5B%7B%22category%22%3A%22%20&#8212;%20Choose%20a%20Category%20&#8212;%20%22%2C%22images%22%3A%226378%22%7D%2C%7B%22category%22%3A%22%20&#8212;%20Choose%20a%20Category%20&#8212;%20%22%2C%22images%22%3A%226379%22%7D%2C%7B%22category%22%3A%22%20&#8212;%20Choose%20a%20Category%20&#8212;%20%22%2C%22images%22%3A%226380%22%7D%2C%7B%22category%22%3A%2256%22%2C%22images%22%3A%226384%22%7D%2C%7B%22category%22%3A%2262%22%2C%22images%22%3A%226385%22%7D%2C%7B%22category%22%3A%2252%22%2C%22images%22%3A%226381%22%7D%2C%7B%22category%22%3A%22%20&#8212;%20Choose%20a%20Category%20&#8212;%20%22%2C%22images%22%3A%226382%22%7D%2C%7B%22category%22%3A%22%20&#8212;%20Choose%20a%20Category%20&#8212;%20%22%2C%22images%22%3A%226383%22%7D%2C%7B%22category%22%3A%22%20&#8212;%20Choose%20a%20Category%20&#8212;%20%22%2C%22images%22%3A%226386%22%7D%5D&#8221; layout_type=&#8221;carousel&#8221; button_show_type=&#8221;all&#8221; show_all_text=&#8221;T\u00fcm Kategoriler&#8221; rows=&#8221;1&#8243; nav_type=&#8221;yes&#8221; pagi_type=&#8221;yes&#8221; columns=&#8221;6&#8243; screen_desktop=&#8221;6&#8243; screen_desktopsmall=&#8221;5&#8243;][\/vc_column][\/vc_row][vc_row css=&#8221;.vc_custom_1550137962170{padding-bottom: 45px !important;}&#8221; el_class=&#8221;padding-5&#8243;][vc_column width=&#8221;1\/3&#8243;][vc_single_image image=&#8221;6370&#8243; img_size=&#8221;full&#8221; alignment=&#8221;center&#8221; onclick=&#8221;custom_link&#8221; link=&#8221;#&#8221;][\/vc_column][vc_column width=&#8221;1\/3&#8243;][vc_single_image image=&#8221;6371&#8243; img_size=&#8221;full&#8221; alignment=&#8221;center&#8221; onclick=&#8221;custom_link&#8221; link=&#8221;#&#8221;][\/vc_column][vc_column width=&#8221;1\/3&#8243;][vc_single_image image=&#8221;6372&#8243; img_size=&#8221;full&#8221; alignment=&#8221;center&#8221; onclick=&#8221;custom_link&#8221; link=&#8221;#&#8221;][\/vc_column][\/vc_row][vc_row full_width=&#8221;stretch_row&#8221; css=&#8221;.vc_custom_1550197303803{padding-top: &hellip; <a href=\"https:\/\/web-demo.com.tr\/v6\/\" class=\"more-link\">Continue reading <span class=\"screen-reader-text\">Home<\/span><\/a><\/p>\n","protected":false},"author":1,"featured_media":0,"parent":0,"menu_order":0,"comment_status":"closed","ping_status":"closed","template":"","meta":{"footnotes":""},"class_list":["post-110","page","type-page","status-publish","hentry"],"_links":{"self":[{"href":"https:\/\/web-demo.com.tr\/v6\/wp-json\/wp\/v2\/pages\/110","targetHints":{"allow":["GET"]}}],"collection":[{"href":"https:\/\/web-demo.com.tr\/v6\/wp-json\/wp\/v2\/pages"}],"about":[{"href":"https:\/\/web-demo.com.tr\/v6\/wp-json\/wp\/v2\/types\/page"}],"author":[{"embeddable":true,"href":"https:\/\/web-demo.com.tr\/v6\/wp-json\/wp\/v2\/users\/1"}],"replies":[{"embeddable":true,"href":"https:\/\/web-demo.com.tr\/v6\/wp-json\/wp\/v2\/comments?post=110"}],"version-history":[{"count":6,"href":"https:\/\/web-demo.com.tr\/v6\/wp-json\/wp\/v2\/pages\/110\/revisions"}],"predecessor-version":[{"id":8073,"href":"https:\/\/web-demo.com.tr\/v6\/wp-json\/wp\/v2\/pages\/110\/revisions\/8073"}],"wp:attachment":[{"href":"https:\/\/web-demo.com.tr\/v6\/wp-json\/wp\/v2\/media?parent=110"}],"curies":[{"name":"wp","href":"https:\/\/api.w.org\/{rel}","templated":true}]}}