{"id":1613,"date":"2023-08-13T07:57:14","date_gmt":"2023-08-13T04:57:14","guid":{"rendered":"https:\/\/themeholy.com\/wordpress\/rasm\/?page_id=1613"},"modified":"2023-09-18T08:42:42","modified_gmt":"2023-09-18T05:42:42","slug":"hizmet-detaylari","status":"publish","type":"page","link":"https:\/\/web-demo.com.tr\/v3\/hizmet-detaylari\/","title":{"rendered":"Hizmet Detaylar\u0131"},"content":{"rendered":"\t\t<div data-elementor-type=\"wp-page\" data-elementor-id=\"1613\" class=\"elementor elementor-1613\">\n\t\t\t\t\t\t\t\t\t<section class=\"elementor-section elementor-top-section elementor-element elementor-element-03cac8c elementor-section-full_width elementor-section-height-default elementor-section-height-default\" data-id=\"03cac8c\" data-element_type=\"section\">\n\t\t\t\t\t\t<div class=\"elementor-container elementor-column-gap-no\">\n\t\t\t\t\t<div class=\"elementor-column elementor-col-100 elementor-top-column elementor-element elementor-element-433a4ac\" data-id=\"433a4ac\" data-element_type=\"column\">\n\t\t\t<div class=\"elementor-widget-wrap elementor-element-populated\">\n\t\t\t\t\t\t\t\t<section class=\"elementor-section elementor-inner-section elementor-element elementor-element-5e2e63f elementor-section-boxed elementor-section-height-default elementor-section-height-default\" data-id=\"5e2e63f\" data-element_type=\"section\">\n\t\t\t\t\t\t<div class=\"elementor-container elementor-column-gap-no\">\n\t\t\t\t\t<div class=\"elementor-column elementor-col-50 elementor-inner-column elementor-element elementor-element-fdaef9e page-single service-single\" data-id=\"fdaef9e\" data-element_type=\"column\">\n\t\t\t<div class=\"elementor-widget-wrap elementor-element-populated\">\n\t\t\t\t\t\t\t\t<div class=\"elementor-element elementor-element-988cdbc elementor-widget elementor-widget-rasmimage\" data-id=\"988cdbc\" data-element_type=\"widget\" data-widget_type=\"rasmimage.default\">\n\t\t\t\t<div class=\"elementor-widget-container\">\n\t\t\t<div class=\"custom_css_handelar page-img\" data-bg-src=\"https:\/\/web-demo.com.tr\/v3\/wp-content\/uploads\/2023\/08\/service_details.jpg\"><img decoding=\"async\" class=\"\" src=\"https:\/\/web-demo.com.tr\/v3\/wp-content\/uploads\/2023\/08\/service_details.jpg\" alt=\"service_details\" ><\/div>\t\t<\/div>\n\t\t\t\t<\/div>\n\t\t\t\t<div class=\"elementor-element elementor-element-31d9c55 elementor-widget__width-initial elementor-widget elementor-widget-text-editor\" data-id=\"31d9c55\" data-element_type=\"widget\" data-widget_type=\"text-editor.default\">\n\t\t\t\t<div class=\"elementor-widget-container\">\n\t\t\t<style>\/*! elementor - v3.15.0 - 20-08-2023 *\/\n.elementor-widget-text-editor.elementor-drop-cap-view-stacked .elementor-drop-cap{background-color:#69727d;color:#fff}.elementor-widget-text-editor.elementor-drop-cap-view-framed .elementor-drop-cap{color:#69727d;border:3px solid;background-color:transparent}.elementor-widget-text-editor:not(.elementor-drop-cap-view-default) .elementor-drop-cap{margin-top:8px}.elementor-widget-text-editor:not(.elementor-drop-cap-view-default) .elementor-drop-cap-letter{width:1em;height:1em}.elementor-widget-text-editor .elementor-drop-cap{float:left;text-align:center;line-height:1;font-size:50px}.elementor-widget-text-editor .elementor-drop-cap-letter{display:inline-block}<\/style>\t\t\t\t<div class=\"page-content\"><h2 class=\"\">V\u00fccut Masajlar\u0131<\/h2><p class=\"mb-30\">\u0130ster gen\u00e7le\u015ftirici bir y\u00fcz bak\u0131m\u0131, ister rahatlat\u0131c\u0131 bir masaj v\u00fccut bak\u0131m\u0131 ar\u0131yor olun,<br \/>deneyimli terapistler size ola\u011fan\u00fcst\u00fc bir bak\u0131m sa\u011flamaya adanm\u0131\u015ft\u0131r. Yaln\u0131zca kullan\u0131yoruz<br \/>En iyi sonu\u00e7lar\u0131 ve ger\u00e7ekten ho\u015fg\u00f6r\u00fcl\u00fc bir deneyimi garantilemek i\u00e7in en iyi \u00fcr\u00fcnler ve teknikler<br \/>deneyim.<br \/>V\u00fccudun kaslar\u0131, dokular\u0131 ve eklemleri genel refah\u0131 artt\u0131rmak ve fiziksel durumu hafifletmek i\u00e7in kullan\u0131l\u0131r.<br \/>ve zihinsel stres. Y\u00fczy\u0131llard\u0131r uygulanmaktad\u0131r ve say\u0131s\u0131z sa\u011fl\u0131k \u00f6zelli\u011fi ile bilinmektedir.<br \/>faydalar. \u0130\u015fte v\u00fccut masaj\u0131yla ilgili baz\u0131 detaylar.<\/p><h3 class=\"mb-20\">V\u00fccut Masaj\u0131n\u0131n Faydas\u0131<\/h3><p>V\u00fccut masaj\u0131 \u00e7ok \u00e7e\u015fitli sa\u011fl\u0131k yararlar\u0131 sunar. Kas azaltmaya yard\u0131mc\u0131 olabilir<br \/>Gerginli\u011fi art\u0131r\u0131n, dola\u015f\u0131m\u0131 iyile\u015ftirin, a\u011fr\u0131y\u0131 ve ac\u0131y\u0131 hafifletin, esnekli\u011fi art\u0131r\u0131n ve te\u015fvik edin<br \/>rahatlama. D\u00fczenli masajlar ayr\u0131ca ba\u011f\u0131\u015f\u0131kl\u0131k sistemini g\u00fc\u00e7lendirebilir, uyku kalitesini iyile\u015ftirebilir ve kayg\u0131 ve depresyonu azalt\u0131r.<\/p><div class=\"checklist style4\"><ul><li>\u0130nsan Sa\u011fl\u0131\u011f\u0131 \u0130\u00e7in En \u0130yisi<\/li><li>Daima G\u00fc\u00e7l\u00fc Olun ve Motive Edin<\/li><li>Sa\u00e7 d\u00f6k\u00fclmesinin \u00f6nlenmesi<\/li><\/ul><\/div><div class=\"row gy-4 justify-content-center\"><div class=\"col-lg-6\"><div class=\"page-img\"><img decoding=\"async\" src=\"https:\/\/themeholy.com\/wordpress\/rasm\/wp-content\/uploads\/2023\/08\/service_inner_1.jpg\" alt=\"service Image\" \/><\/div><\/div><div class=\"col-lg-6\"><div class=\"page-img\"><img decoding=\"async\" src=\"https:\/\/themeholy.com\/wordpress\/rasm\/wp-content\/uploads\/2023\/08\/service_inner_2.jpg\" alt=\"service Image\" \/><\/div><\/div><\/div><p>G\u00fcvenli ve etkili bir masaj deneyimi sa\u011flamak i\u00e7in e\u011fitimli ve lisansl\u0131 masaj terapistlerinden hizmet almak \u00e7ok \u00f6nemlidir. Bu profesyoneller derin bir anatomi anlay\u0131\u015f\u0131na sahiptir ve masaj\u0131 belirli gerginlik veya a\u011fr\u0131 alanlar\u0131n\u0131 hedef alacak \u015fekilde uyarlayabilirler.<\/p><h3 class=\"mb-20\">Masaj Teknikleri<\/h3><p class=\"mb-0\">V\u00fccut masaj\u0131 s\u0131ras\u0131nda terapistler, efloraj (uzun vuru\u015flar), petrisaj (yo\u011furma), s\u00fcrt\u00fcnme, hafif\u00e7e vurma ve hafif esnetme gibi tekniklerin bir kombinasyonunu kullan\u0131r. Her teknik farkl\u0131 bir amaca hizmet eder; gerginli\u011fi gidermeye ve kan ak\u0131\u015f\u0131n\u0131 iyile\u015ftirmeye \u00e7al\u0131\u015f\u0131r.<\/p><\/div>\t\t\t\t\t\t<\/div>\n\t\t\t\t<\/div>\n\t\t\t\t\t<\/div>\n\t\t<\/div>\n\t\t\t\t<div class=\"elementor-column elementor-col-50 elementor-inner-column elementor-element elementor-element-7560e0b sidebar-area service\" data-id=\"7560e0b\" data-element_type=\"column\">\n\t\t\t<div class=\"elementor-widget-wrap elementor-element-populated\">\n\t\t\t\t\t\t\t\t<div class=\"elementor-element elementor-element-5d09e1f widget widget_categories   elementor-widget elementor-widget-wp-widget-search\" data-id=\"5d09e1f\" data-element_type=\"widget\" data-widget_type=\"wp-widget-search.default\">\n\t\t\t\t<div class=\"elementor-widget-container\">\n\t\t\t\r\n<form role=\"search\" method=\"get\" action=\"https:\/\/web-demo.com.tr\/v3\/\" class=\"search-form\">\r\n    <input name=\"s\" required value=\"\" type=\"search\" placeholder=\"Search...\">\r\n    <button type=\"submit\"><i class=\"far fa-search\"><\/i><\/button>\r\n<\/form>\t\t<\/div>\n\t\t\t\t<\/div>\n\t\t\t\t<div class=\"elementor-element elementor-element-0b0af6f widget widget_categories   elementor-widget elementor-widget-wp-widget-categories\" data-id=\"0b0af6f\" data-element_type=\"widget\" data-widget_type=\"wp-widget-categories.default\">\n\t\t\t\t<div class=\"elementor-widget-container\">\n\t\t\t<h5>Kategoriler<\/h5>\n\t\t\t<ul>\n\t\t\t\t\t<li class=\"cat-item cat-item-24\"><a href=\"https:\/\/web-demo.com.tr\/v3\/category\/agda\/\">A\u011fda<\/a> <span class=\"category-number\">1<\/span>\n<\/li>\n\t<li class=\"cat-item cat-item-21\"><a href=\"https:\/\/web-demo.com.tr\/v3\/category\/masajlar\/\">Masajlar<\/a> <span class=\"category-number\">3<\/span>\n<\/li>\n\t<li class=\"cat-item cat-item-22\"><a href=\"https:\/\/web-demo.com.tr\/v3\/category\/tirnak-sanati\/\">T\u0131rnak sanat\u0131<\/a> <span class=\"category-number\">1<\/span>\n<\/li>\n\t<li class=\"cat-item cat-item-19\"><a href=\"https:\/\/web-demo.com.tr\/v3\/category\/vucut-bakimlari\/\">V\u00fccut Bak\u0131mlar\u0131<\/a> <span class=\"category-number\">3<\/span>\n<\/li>\n\t<li class=\"cat-item cat-item-20\"><a href=\"https:\/\/web-demo.com.tr\/v3\/category\/yuz-bakimi\/\">Y\u00fcz Bak\u0131m\u0131<\/a> <span class=\"category-number\">2<\/span>\n<\/li>\n\t\t\t<\/ul>\n\n\t\t\t\t\t<\/div>\n\t\t\t\t<\/div>\n\t\t\t\t<div class=\"elementor-element elementor-element-0f3ea68 elementor-widget elementor-widget-rasmcontactform\" data-id=\"0f3ea68\" data-element_type=\"widget\" data-widget_type=\"rasmcontactform.default\">\n\t\t\t\t<div class=\"elementor-widget-container\">\n\t\t\t<div class=\"widget widget_categories  \"><h3 class=\"widget_title\">Bize Ula\u015f\u0131n<\/h3>\n<div class=\"wpcf7 no-js\" id=\"wpcf7-f1649-o1\" lang=\"en-US\" dir=\"ltr\">\n<div class=\"screen-reader-response\"><p role=\"status\" aria-live=\"polite\" aria-atomic=\"true\"><\/p> <ul><\/ul><\/div>\n<form action=\"\/v3\/wp-json\/wp\/v2\/pages\/1613#wpcf7-f1649-o1\" method=\"post\" class=\"wpcf7-form init\" aria-label=\"Contact form\" novalidate=\"novalidate\" data-status=\"init\">\n<div style=\"display: none;\">\n<input type=\"hidden\" name=\"_wpcf7\" value=\"1649\" \/>\n<input type=\"hidden\" name=\"_wpcf7_version\" value=\"5.8\" \/>\n<input type=\"hidden\" name=\"_wpcf7_locale\" value=\"en_US\" \/>\n<input type=\"hidden\" name=\"_wpcf7_unit_tag\" value=\"wpcf7-f1649-o1\" \/>\n<input type=\"hidden\" name=\"_wpcf7_container_post\" value=\"0\" \/>\n<input type=\"hidden\" name=\"_wpcf7_posted_data_hash\" value=\"\" \/>\n<\/div>\n<div class=\"appointment-form\">\n    <div class=\"row\">\n        <div class=\"form-group col-12\">\n            <i class=\"fa-light fa-user\"><\/i>\n            <span class=\"wpcf7-form-control-wrap\" data-name=\"text-941\"><input size=\"40\" class=\"wpcf7-form-control wpcf7-text wpcf7-validates-as-required form-control\" id=\"text-941\" aria-required=\"true\" aria-invalid=\"false\" placeholder=\"First Name\" value=\"\" type=\"text\" name=\"text-941\" \/><\/span>\n        <\/div>\n        <div class=\"form-group col-12\">\n            <i class=\"fa-light fa-envelope\"><\/i>\n            <span class=\"wpcf7-form-control-wrap\" data-name=\"text-949\"><input size=\"40\" class=\"wpcf7-form-control wpcf7-text wpcf7-validates-as-required form-control\" id=\"text-949\" aria-required=\"true\" aria-invalid=\"false\" placeholder=\"Email\" value=\"\" type=\"text\" name=\"text-949\" \/><\/span>\n        <\/div>\n        <div class=\"form-group col-12\">\n            <i class=\"fa-regular fa-tag\"><\/i>\n            <span class=\"wpcf7-form-control-wrap\" data-name=\"menu-248\"><select class=\"wpcf7-form-control wpcf7-select form-select nice-select\" id=\"menu-248\" aria-invalid=\"false\" name=\"menu-248\"><option value=\"Spa &amp; Massage\">Spa &amp; Massage<\/option><option value=\"Facial &amp; Massage\">Facial &amp; Massage<\/option><option value=\"Head Massage\">Head Massage<\/option><option value=\"Sports Massage\">Sports Massage<\/option><option value=\"Stone Massage\">Stone Massage<\/option><\/select><\/span>\n        <\/div>\n        <div class=\"form-group col-12\">\n            <span class=\"wpcf7-form-control-wrap\" data-name=\"textarea-96\"><textarea cols=\"40\" rows=\"10\" class=\"wpcf7-form-control wpcf7-textarea wpcf7-validates-as-required form-control\" id=\"textarea-96\" aria-required=\"true\" aria-invalid=\"false\" placeholder=\"Write message....\" name=\"textarea-96\"><\/textarea><\/span>\n            <i class=\"fal fa-comment\"><\/i>\n        <\/div>\n        <div class=\"btn-group justify-content-center justify-content-lg-start\">\n            <button class=\"th-btn fw-btn wpcf7\">Make An Appointment <i class=\"fa-solid fa-arrow-right ms-2\"><\/i><\/button>\n        <\/div>\n    <\/div>\n<\/div><div class=\"wpcf7-response-output\" aria-hidden=\"true\"><\/div>\n<\/form>\n<\/div>\n<\/div>\t\t<\/div>\n\t\t\t\t<\/div>\n\t\t\t\t\t<\/div>\n\t\t<\/div>\n\t\t\t\t\t\t\t<\/div>\n\t\t<\/section>\n\t\t\t\t\t<\/div>\n\t\t<\/div>\n\t\t\t\t\t\t\t<\/div>\n\t\t<\/section>\n\t\t\t\t\t\t\t<\/div>\n\t\t","protected":false},"excerpt":{"rendered":"<p>V\u00fccut Masajlar\u0131 \u0130ster gen\u00e7le\u015ftirici bir y\u00fcz bak\u0131m\u0131, ister rahatlat\u0131c\u0131 bir masaj v\u00fccut bak\u0131m\u0131 ar\u0131yor olun,deneyimli terapistler size ola\u011fan\u00fcst\u00fc bir bak\u0131m sa\u011flamaya adanm\u0131\u015ft\u0131r. Yaln\u0131zca kullan\u0131yoruzEn iyi sonu\u00e7lar\u0131 ve ger\u00e7ekten ho\u015fg\u00f6r\u00fcl\u00fc bir deneyimi garantilemek i\u00e7in en iyi \u00fcr\u00fcnler ve tekniklerdeneyim.V\u00fccudun kaslar\u0131, dokular\u0131 ve eklemleri genel refah\u0131 artt\u0131rmak ve fiziksel durumu hafifletmek i\u00e7in kullan\u0131l\u0131r.ve zihinsel stres. Y\u00fczy\u0131llard\u0131r uygulanmaktad\u0131r&#8230;<\/p>\n","protected":false},"author":1,"featured_media":0,"parent":0,"menu_order":0,"comment_status":"closed","ping_status":"closed","template":"template-builder.php","meta":{"_monsterinsights_skip_tracking":false,"_monsterinsights_sitenote_active":false,"_monsterinsights_sitenote_note":"","_monsterinsights_sitenote_category":0,"footnotes":""},"class_list":["post-1613","page","type-page","status-publish","hentry"],"aioseo_notices":[],"_links":{"self":[{"href":"https:\/\/web-demo.com.tr\/v3\/wp-json\/wp\/v2\/pages\/1613","targetHints":{"allow":["GET"]}}],"collection":[{"href":"https:\/\/web-demo.com.tr\/v3\/wp-json\/wp\/v2\/pages"}],"about":[{"href":"https:\/\/web-demo.com.tr\/v3\/wp-json\/wp\/v2\/types\/page"}],"author":[{"embeddable":true,"href":"https:\/\/web-demo.com.tr\/v3\/wp-json\/wp\/v2\/users\/1"}],"replies":[{"embeddable":true,"href":"https:\/\/web-demo.com.tr\/v3\/wp-json\/wp\/v2\/comments?post=1613"}],"version-history":[{"count":5,"href":"https:\/\/web-demo.com.tr\/v3\/wp-json\/wp\/v2\/pages\/1613\/revisions"}],"predecessor-version":[{"id":2371,"href":"https:\/\/web-demo.com.tr\/v3\/wp-json\/wp\/v2\/pages\/1613\/revisions\/2371"}],"wp:attachment":[{"href":"https:\/\/web-demo.com.tr\/v3\/wp-json\/wp\/v2\/media?parent=1613"}],"curies":[{"name":"wp","href":"https:\/\/api.w.org\/{rel}","templated":true}]}}