{"id":9874,"date":"2021-12-07T20:56:09","date_gmt":"2021-12-07T17:56:09","guid":{"rendered":"http:\/\/192.168.1.25\/nehir\/?post_type=product&#038;p=9874"},"modified":"2024-10-23T20:14:02","modified_gmt":"2024-10-23T17:14:02","slug":"nhr-6508","status":"publish","type":"product","link":"https:\/\/web-demo.com.tr\/kuaformalzeme\/urun\/nhr-6508\/","title":{"rendered":"NHR-6508"},"content":{"rendered":"<p>H\/B:150 cm &#8211; W\/E: 150 cm &#8211; D\/D: 125 cm<\/p>\n<p>Baauty Spa ile Salonunuza Renk Katin.<\/p>\n<p>Spa yataklar\u0131m\u0131z daha ergonomik daha fonksiyonel tam size g\u00f6re\u2026<\/p>\n","protected":false},"excerpt":{"rendered":"<p>H\/B:150 cm &#8211; W\/E: 150 cm &#8211; D\/D: 125 cm Baauty Spa ile Salonunuza Renk Katin. Spa yataklar\u0131m\u0131z daha ergonomik daha fonksiyonel tam size g\u00f6re\u2026<\/p>\n","protected":false},"featured_media":9875,"comment_status":"open","ping_status":"closed","template":"","meta":[],"product_cat":[47],"product_tag":[91],"class_list":["post-9874","product","type-product","status-publish","has-post-thumbnail","hentry","product_cat-spa","product_tag-spa"],"_links":{"self":[{"href":"https:\/\/web-demo.com.tr\/kuaformalzeme\/wp-json\/wp\/v2\/product\/9874","targetHints":{"allow":["GET"]}}],"collection":[{"href":"https:\/\/web-demo.com.tr\/kuaformalzeme\/wp-json\/wp\/v2\/product"}],"about":[{"href":"https:\/\/web-demo.com.tr\/kuaformalzeme\/wp-json\/wp\/v2\/types\/product"}],"replies":[{"embeddable":true,"href":"https:\/\/web-demo.com.tr\/kuaformalzeme\/wp-json\/wp\/v2\/comments?post=9874"}],"version-history":[{"count":1,"href":"https:\/\/web-demo.com.tr\/kuaformalzeme\/wp-json\/wp\/v2\/product\/9874\/revisions"}],"predecessor-version":[{"id":9876,"href":"https:\/\/web-demo.com.tr\/kuaformalzeme\/wp-json\/wp\/v2\/product\/9874\/revisions\/9876"}],"wp:featuredmedia":[{"embeddable":true,"href":"https:\/\/web-demo.com.tr\/kuaformalzeme\/wp-json\/wp\/v2\/media\/9875"}],"wp:attachment":[{"href":"https:\/\/web-demo.com.tr\/kuaformalzeme\/wp-json\/wp\/v2\/media?parent=9874"}],"wp:term":[{"taxonomy":"product_cat","embeddable":true,"href":"https:\/\/web-demo.com.tr\/kuaformalzeme\/wp-json\/wp\/v2\/product_cat?post=9874"},{"taxonomy":"product_tag","embeddable":true,"href":"https:\/\/web-demo.com.tr\/kuaformalzeme\/wp-json\/wp\/v2\/product_tag?post=9874"}],"curies":[{"name":"wp","href":"https:\/\/api.w.org\/{rel}","templated":true}]}}