{"id":9778,"date":"2021-12-07T20:16:55","date_gmt":"2021-12-07T17:16:55","guid":{"rendered":"http:\/\/192.168.1.25\/nehir\/?post_type=product&#038;p=9778"},"modified":"2024-01-16T12:13:53","modified_gmt":"2024-01-16T09:13:53","slug":"nhr-3074","status":"publish","type":"product","link":"https:\/\/web-demo.com.tr\/kuaformalzeme\/urun\/nhr-3074\/","title":{"rendered":"NHR-3074"},"content":{"rendered":"<p>H\/B: 85 cm &#8211; W\/E: 150 cm &#8211; D\/D: 60 cm<\/p>\n<p>Modern tasar\u0131m\u0131 ; rahatl\u0131k , fonksiyonellik ve sa\u011flaml\u0131kla birle\u015ftirir.<\/p>\n","protected":false},"excerpt":{"rendered":"<p>H\/B: 85 cm &#8211; W\/E: 150 cm &#8211; D\/D: 60 cm Modern tasar\u0131m\u0131 ; rahatl\u0131k , fonksiyonellik ve sa\u011flaml\u0131kla birle\u015ftirir.<\/p>\n","protected":false},"featured_media":9779,"comment_status":"open","ping_status":"closed","template":"","meta":[],"product_cat":[32],"product_tag":[89],"class_list":["post-9778","product","type-product","status-publish","has-post-thumbnail","hentry","product_cat-bekleme-koltuklari","product_tag-bekleme-koltuklari"],"_links":{"self":[{"href":"https:\/\/web-demo.com.tr\/kuaformalzeme\/wp-json\/wp\/v2\/product\/9778","targetHints":{"allow":["GET"]}}],"collection":[{"href":"https:\/\/web-demo.com.tr\/kuaformalzeme\/wp-json\/wp\/v2\/product"}],"about":[{"href":"https:\/\/web-demo.com.tr\/kuaformalzeme\/wp-json\/wp\/v2\/types\/product"}],"replies":[{"embeddable":true,"href":"https:\/\/web-demo.com.tr\/kuaformalzeme\/wp-json\/wp\/v2\/comments?post=9778"}],"version-history":[{"count":1,"href":"https:\/\/web-demo.com.tr\/kuaformalzeme\/wp-json\/wp\/v2\/product\/9778\/revisions"}],"predecessor-version":[{"id":9780,"href":"https:\/\/web-demo.com.tr\/kuaformalzeme\/wp-json\/wp\/v2\/product\/9778\/revisions\/9780"}],"wp:featuredmedia":[{"embeddable":true,"href":"https:\/\/web-demo.com.tr\/kuaformalzeme\/wp-json\/wp\/v2\/media\/9779"}],"wp:attachment":[{"href":"https:\/\/web-demo.com.tr\/kuaformalzeme\/wp-json\/wp\/v2\/media?parent=9778"}],"wp:term":[{"taxonomy":"product_cat","embeddable":true,"href":"https:\/\/web-demo.com.tr\/kuaformalzeme\/wp-json\/wp\/v2\/product_cat?post=9778"},{"taxonomy":"product_tag","embeddable":true,"href":"https:\/\/web-demo.com.tr\/kuaformalzeme\/wp-json\/wp\/v2\/product_tag?post=9778"}],"curies":[{"name":"wp","href":"https:\/\/api.w.org\/{rel}","templated":true}]}}