{"id":9757,"date":"2021-12-07T20:11:42","date_gmt":"2021-12-07T17:11:42","guid":{"rendered":"http:\/\/192.168.1.25\/nehir\/?post_type=product&#038;p=9757"},"modified":"2024-01-16T12:12:11","modified_gmt":"2024-01-16T09:12:11","slug":"nhr-3067","status":"publish","type":"product","link":"https:\/\/web-demo.com.tr\/kuaformalzeme\/urun\/nhr-3067\/","title":{"rendered":"NHR-3067"},"content":{"rendered":"<p>H\/B: 70 cm &#8211; W\/E: 80 cm &#8211; D\/D: 70 cm<\/p>\n<p>Modern tasar\u0131m\u0131 ; rahatl\u0131k , fonksiyonellik ve sa\u011flaml\u0131kla birle\u015ftirir.<\/p>\n","protected":false},"excerpt":{"rendered":"<p>H\/B: 70 cm &#8211; W\/E: 80 cm &#8211; D\/D: 70 cm Modern tasar\u0131m\u0131 ; rahatl\u0131k , fonksiyonellik ve sa\u011flaml\u0131kla birle\u015ftirir.<\/p>\n","protected":false},"featured_media":9758,"comment_status":"open","ping_status":"closed","template":"","meta":[],"product_cat":[32],"product_tag":[89],"class_list":["post-9757","product","type-product","status-publish","has-post-thumbnail","hentry","product_cat-bekleme-koltuklari","product_tag-bekleme-koltuklari"],"_links":{"self":[{"href":"https:\/\/web-demo.com.tr\/kuaformalzeme\/wp-json\/wp\/v2\/product\/9757","targetHints":{"allow":["GET"]}}],"collection":[{"href":"https:\/\/web-demo.com.tr\/kuaformalzeme\/wp-json\/wp\/v2\/product"}],"about":[{"href":"https:\/\/web-demo.com.tr\/kuaformalzeme\/wp-json\/wp\/v2\/types\/product"}],"replies":[{"embeddable":true,"href":"https:\/\/web-demo.com.tr\/kuaformalzeme\/wp-json\/wp\/v2\/comments?post=9757"}],"version-history":[{"count":1,"href":"https:\/\/web-demo.com.tr\/kuaformalzeme\/wp-json\/wp\/v2\/product\/9757\/revisions"}],"predecessor-version":[{"id":9759,"href":"https:\/\/web-demo.com.tr\/kuaformalzeme\/wp-json\/wp\/v2\/product\/9757\/revisions\/9759"}],"wp:featuredmedia":[{"embeddable":true,"href":"https:\/\/web-demo.com.tr\/kuaformalzeme\/wp-json\/wp\/v2\/media\/9758"}],"wp:attachment":[{"href":"https:\/\/web-demo.com.tr\/kuaformalzeme\/wp-json\/wp\/v2\/media?parent=9757"}],"wp:term":[{"taxonomy":"product_cat","embeddable":true,"href":"https:\/\/web-demo.com.tr\/kuaformalzeme\/wp-json\/wp\/v2\/product_cat?post=9757"},{"taxonomy":"product_tag","embeddable":true,"href":"https:\/\/web-demo.com.tr\/kuaformalzeme\/wp-json\/wp\/v2\/product_tag?post=9757"}],"curies":[{"name":"wp","href":"https:\/\/api.w.org\/{rel}","templated":true}]}}