{"id":9691,"date":"2021-12-07T19:51:35","date_gmt":"2021-12-07T16:51:35","guid":{"rendered":"http:\/\/192.168.1.25\/nehir\/?post_type=product&#038;p=9691"},"modified":"2024-01-15T12:06:38","modified_gmt":"2024-01-15T09:06:38","slug":"nhr-3041","status":"publish","type":"product","link":"https:\/\/web-demo.com.tr\/kuaformalzeme\/urun\/nhr-3041\/","title":{"rendered":"NHR-3041"},"content":{"rendered":"<p>H\/B: 80 cm &#8211; W\/E: 72 cm &#8211; D\/D: 65 cm<\/p>\n<p>Modern tasar\u0131m\u0131 ; rahatl\u0131k , fonksiyonellik ve sa\u011flaml\u0131kla birle\u015ftirir.<\/p>\n","protected":false},"excerpt":{"rendered":"<p>H\/B: 80 cm &#8211; W\/E: 72 cm &#8211; D\/D: 65 cm Modern tasar\u0131m\u0131 ; rahatl\u0131k , fonksiyonellik ve sa\u011flaml\u0131kla birle\u015ftirir.<\/p>\n","protected":false},"featured_media":9692,"comment_status":"open","ping_status":"closed","template":"","meta":[],"product_cat":[32],"product_tag":[89],"class_list":["post-9691","product","type-product","status-publish","has-post-thumbnail","hentry","product_cat-bekleme-koltuklari","product_tag-bekleme-koltuklari"],"_links":{"self":[{"href":"https:\/\/web-demo.com.tr\/kuaformalzeme\/wp-json\/wp\/v2\/product\/9691","targetHints":{"allow":["GET"]}}],"collection":[{"href":"https:\/\/web-demo.com.tr\/kuaformalzeme\/wp-json\/wp\/v2\/product"}],"about":[{"href":"https:\/\/web-demo.com.tr\/kuaformalzeme\/wp-json\/wp\/v2\/types\/product"}],"replies":[{"embeddable":true,"href":"https:\/\/web-demo.com.tr\/kuaformalzeme\/wp-json\/wp\/v2\/comments?post=9691"}],"version-history":[{"count":1,"href":"https:\/\/web-demo.com.tr\/kuaformalzeme\/wp-json\/wp\/v2\/product\/9691\/revisions"}],"predecessor-version":[{"id":9693,"href":"https:\/\/web-demo.com.tr\/kuaformalzeme\/wp-json\/wp\/v2\/product\/9691\/revisions\/9693"}],"wp:featuredmedia":[{"embeddable":true,"href":"https:\/\/web-demo.com.tr\/kuaformalzeme\/wp-json\/wp\/v2\/media\/9692"}],"wp:attachment":[{"href":"https:\/\/web-demo.com.tr\/kuaformalzeme\/wp-json\/wp\/v2\/media?parent=9691"}],"wp:term":[{"taxonomy":"product_cat","embeddable":true,"href":"https:\/\/web-demo.com.tr\/kuaformalzeme\/wp-json\/wp\/v2\/product_cat?post=9691"},{"taxonomy":"product_tag","embeddable":true,"href":"https:\/\/web-demo.com.tr\/kuaformalzeme\/wp-json\/wp\/v2\/product_tag?post=9691"}],"curies":[{"name":"wp","href":"https:\/\/api.w.org\/{rel}","templated":true}]}}