{"id":9571,"date":"2021-12-07T17:00:18","date_gmt":"2021-12-07T14:00:18","guid":{"rendered":"http:\/\/192.168.1.25\/nehir\/?post_type=product&#038;p=9571"},"modified":"2024-01-10T21:00:00","modified_gmt":"2024-01-10T18:00:00","slug":"nhr-2065","status":"publish","type":"product","link":"https:\/\/web-demo.com.tr\/kuaformalzeme\/urun\/nhr-2065\/","title":{"rendered":"NHR-2065"},"content":{"rendered":"<p>H\/B:120 cm &#8211; W\/E: 120 cm &#8211; D\/D: 45 cm<\/p>\n<p>Hayalini kurdu\u011funuz kuaf\u00f6r tezgahlar\u0131 bir araya getirdik,<br \/>\nisterseniz tekli, ikili ve \u00fc\u00e7l\u00fc veya isterseniz de \u00f6zel \u00f6l\u00e7\u00fc ile mekanlar\u0131n\u0131z\u0131 \u015fekillendiriyoruz\u2026<\/p>\n<p>Tasar\u0131mdaki \u015f\u0131kl\u0131k ince detaylarda gizli\u2026<\/p>\n","protected":false},"excerpt":{"rendered":"<p>H\/B:120 cm &#8211; W\/E: 120 cm &#8211; D\/D: 45 cm Hayalini kurdu\u011funuz kuaf\u00f6r tezgahlar\u0131 bir araya getirdik, isterseniz tekli, ikili ve \u00fc\u00e7l\u00fc veya isterseniz de \u00f6zel \u00f6l\u00e7\u00fc ile mekanlar\u0131n\u0131z\u0131 \u015fekillendiriyoruz\u2026 Tasar\u0131mdaki \u015f\u0131kl\u0131k ince detaylarda gizli\u2026<\/p>\n","protected":false},"featured_media":9572,"comment_status":"open","ping_status":"closed","template":"","meta":[],"product_cat":[40],"product_tag":[86],"class_list":["post-9571","product","type-product","status-publish","has-post-thumbnail","hentry","product_cat-kuafor-tezgahlari","product_tag-kuafor-tezgahlari"],"_links":{"self":[{"href":"https:\/\/web-demo.com.tr\/kuaformalzeme\/wp-json\/wp\/v2\/product\/9571","targetHints":{"allow":["GET"]}}],"collection":[{"href":"https:\/\/web-demo.com.tr\/kuaformalzeme\/wp-json\/wp\/v2\/product"}],"about":[{"href":"https:\/\/web-demo.com.tr\/kuaformalzeme\/wp-json\/wp\/v2\/types\/product"}],"replies":[{"embeddable":true,"href":"https:\/\/web-demo.com.tr\/kuaformalzeme\/wp-json\/wp\/v2\/comments?post=9571"}],"version-history":[{"count":1,"href":"https:\/\/web-demo.com.tr\/kuaformalzeme\/wp-json\/wp\/v2\/product\/9571\/revisions"}],"predecessor-version":[{"id":9573,"href":"https:\/\/web-demo.com.tr\/kuaformalzeme\/wp-json\/wp\/v2\/product\/9571\/revisions\/9573"}],"wp:featuredmedia":[{"embeddable":true,"href":"https:\/\/web-demo.com.tr\/kuaformalzeme\/wp-json\/wp\/v2\/media\/9572"}],"wp:attachment":[{"href":"https:\/\/web-demo.com.tr\/kuaformalzeme\/wp-json\/wp\/v2\/media?parent=9571"}],"wp:term":[{"taxonomy":"product_cat","embeddable":true,"href":"https:\/\/web-demo.com.tr\/kuaformalzeme\/wp-json\/wp\/v2\/product_cat?post=9571"},{"taxonomy":"product_tag","embeddable":true,"href":"https:\/\/web-demo.com.tr\/kuaformalzeme\/wp-json\/wp\/v2\/product_tag?post=9571"}],"curies":[{"name":"wp","href":"https:\/\/api.w.org\/{rel}","templated":true}]}}