{"id":9373,"date":"2021-12-07T16:05:23","date_gmt":"2021-12-07T13:05:23","guid":{"rendered":"http:\/\/192.168.1.25\/nehir\/?post_type=product&#038;p=9373"},"modified":"2024-01-02T23:35:16","modified_gmt":"2024-01-02T20:35:16","slug":"nhr-587","status":"publish","type":"product","link":"https:\/\/web-demo.com.tr\/kuaformalzeme\/urun\/nhr-587\/","title":{"rendered":"NHR-587"},"content":{"rendered":"<p>H\/B: 220 cm &#8211; W\/E:320 cm &#8211; D\/D: 50 cm<\/p>\n<p>Modern ve \u015f\u0131k tasar\u0131mlar.<\/p>\n<p>Klasik, Modernlik, \u015e\u0131kl\u0131\u011f\u0131 Sizin \u0130\u00e7in Bir Araya Getirdik.<\/p>\n","protected":false},"excerpt":{"rendered":"<p>H\/B: 220 cm &#8211; W\/E:320 cm &#8211; D\/D: 50 cm Modern ve \u015f\u0131k tasar\u0131mlar. Klasik, Modernlik, \u015e\u0131kl\u0131\u011f\u0131 Sizin \u0130\u00e7in Bir Araya Getirdik.<\/p>\n","protected":false},"featured_media":9379,"comment_status":"open","ping_status":"closed","template":"","meta":[],"product_cat":[38],"product_tag":[],"class_list":["post-9373","product","type-product","status-publish","has-post-thumbnail","hentry","product_cat-clocks"],"_links":{"self":[{"href":"https:\/\/web-demo.com.tr\/kuaformalzeme\/wp-json\/wp\/v2\/product\/9373","targetHints":{"allow":["GET"]}}],"collection":[{"href":"https:\/\/web-demo.com.tr\/kuaformalzeme\/wp-json\/wp\/v2\/product"}],"about":[{"href":"https:\/\/web-demo.com.tr\/kuaformalzeme\/wp-json\/wp\/v2\/types\/product"}],"replies":[{"embeddable":true,"href":"https:\/\/web-demo.com.tr\/kuaformalzeme\/wp-json\/wp\/v2\/comments?post=9373"}],"version-history":[{"count":1,"href":"https:\/\/web-demo.com.tr\/kuaformalzeme\/wp-json\/wp\/v2\/product\/9373\/revisions"}],"predecessor-version":[{"id":9380,"href":"https:\/\/web-demo.com.tr\/kuaformalzeme\/wp-json\/wp\/v2\/product\/9373\/revisions\/9380"}],"wp:featuredmedia":[{"embeddable":true,"href":"https:\/\/web-demo.com.tr\/kuaformalzeme\/wp-json\/wp\/v2\/media\/9379"}],"wp:attachment":[{"href":"https:\/\/web-demo.com.tr\/kuaformalzeme\/wp-json\/wp\/v2\/media?parent=9373"}],"wp:term":[{"taxonomy":"product_cat","embeddable":true,"href":"https:\/\/web-demo.com.tr\/kuaformalzeme\/wp-json\/wp\/v2\/product_cat?post=9373"},{"taxonomy":"product_tag","embeddable":true,"href":"https:\/\/web-demo.com.tr\/kuaformalzeme\/wp-json\/wp\/v2\/product_tag?post=9373"}],"curies":[{"name":"wp","href":"https:\/\/api.w.org\/{rel}","templated":true}]}}