{"id":9252,"date":"2021-12-07T14:42:18","date_gmt":"2021-12-07T11:42:18","guid":{"rendered":"http:\/\/192.168.1.25\/nehir\/?post_type=product&#038;p=9252"},"modified":"2024-01-03T09:42:41","modified_gmt":"2024-01-03T06:42:41","slug":"nhr-534","status":"publish","type":"product","link":"https:\/\/web-demo.com.tr\/kuaformalzeme\/urun\/nhr-534\/","title":{"rendered":"NHR-534"},"content":{"rendered":"<p>H\/B: 220 cm &#8211; W\/E: 150 cm &#8211; D\/D: 40 cm<\/p>\n<p>Modern ve \u015f\u0131k tasar\u0131mlar.<\/p>\n<p>Klasik, Modernlik, \u015e\u0131kl\u0131\u011f\u0131 Sizin \u0130\u00e7in Bir Araya Getirdik.<\/p>\n","protected":false},"excerpt":{"rendered":"<p>H\/B: 220 cm &#8211; W\/E: 150 cm &#8211; D\/D: 40 cm Modern ve \u015f\u0131k tasar\u0131mlar. Klasik, Modernlik, \u015e\u0131kl\u0131\u011f\u0131 Sizin \u0130\u00e7in Bir Araya Getirdik.<\/p>\n","protected":false},"featured_media":9254,"comment_status":"open","ping_status":"closed","template":"","meta":[],"product_cat":[38],"product_tag":[85],"class_list":["post-9252","product","type-product","status-publish","has-post-thumbnail","hentry","product_cat-clocks","product_tag-berber-tezgahlari"],"_links":{"self":[{"href":"https:\/\/web-demo.com.tr\/kuaformalzeme\/wp-json\/wp\/v2\/product\/9252","targetHints":{"allow":["GET"]}}],"collection":[{"href":"https:\/\/web-demo.com.tr\/kuaformalzeme\/wp-json\/wp\/v2\/product"}],"about":[{"href":"https:\/\/web-demo.com.tr\/kuaformalzeme\/wp-json\/wp\/v2\/types\/product"}],"replies":[{"embeddable":true,"href":"https:\/\/web-demo.com.tr\/kuaformalzeme\/wp-json\/wp\/v2\/comments?post=9252"}],"version-history":[{"count":1,"href":"https:\/\/web-demo.com.tr\/kuaformalzeme\/wp-json\/wp\/v2\/product\/9252\/revisions"}],"predecessor-version":[{"id":9255,"href":"https:\/\/web-demo.com.tr\/kuaformalzeme\/wp-json\/wp\/v2\/product\/9252\/revisions\/9255"}],"wp:featuredmedia":[{"embeddable":true,"href":"https:\/\/web-demo.com.tr\/kuaformalzeme\/wp-json\/wp\/v2\/media\/9254"}],"wp:attachment":[{"href":"https:\/\/web-demo.com.tr\/kuaformalzeme\/wp-json\/wp\/v2\/media?parent=9252"}],"wp:term":[{"taxonomy":"product_cat","embeddable":true,"href":"https:\/\/web-demo.com.tr\/kuaformalzeme\/wp-json\/wp\/v2\/product_cat?post=9252"},{"taxonomy":"product_tag","embeddable":true,"href":"https:\/\/web-demo.com.tr\/kuaformalzeme\/wp-json\/wp\/v2\/product_tag?post=9252"}],"curies":[{"name":"wp","href":"https:\/\/api.w.org\/{rel}","templated":true}]}}