{"id":9230,"date":"2021-12-07T14:27:29","date_gmt":"2021-12-07T11:27:29","guid":{"rendered":"http:\/\/192.168.1.25\/nehir\/?post_type=product&#038;p=9230"},"modified":"2024-01-03T09:44:39","modified_gmt":"2024-01-03T06:44:39","slug":"nhr-523","status":"publish","type":"product","link":"https:\/\/web-demo.com.tr\/kuaformalzeme\/urun\/nhr-523\/","title":{"rendered":"NHR-523"},"content":{"rendered":"<p>H\/B: 200 cm &#8211; W\/E:150 cm &#8211; D\/D: 40 cm<\/p>\n<p>Modern ve \u015f\u0131k tasar\u0131mlar.<\/p>\n<p>Klasik, Modernlik, \u015e\u0131kl\u0131\u011f\u0131 Sizin \u0130\u00e7in Bir Araya Getirdik.<\/p>\n","protected":false},"excerpt":{"rendered":"<p>H\/B: 200 cm &#8211; W\/E:150 cm &#8211; D\/D: 40 cm Modern ve \u015f\u0131k tasar\u0131mlar. Klasik, Modernlik, \u015e\u0131kl\u0131\u011f\u0131 Sizin \u0130\u00e7in Bir Araya Getirdik.<\/p>\n","protected":false},"featured_media":9231,"comment_status":"open","ping_status":"closed","template":"","meta":[],"product_cat":[38],"product_tag":[85],"class_list":["post-9230","product","type-product","status-publish","has-post-thumbnail","hentry","product_cat-clocks","product_tag-berber-tezgahlari"],"_links":{"self":[{"href":"https:\/\/web-demo.com.tr\/kuaformalzeme\/wp-json\/wp\/v2\/product\/9230","targetHints":{"allow":["GET"]}}],"collection":[{"href":"https:\/\/web-demo.com.tr\/kuaformalzeme\/wp-json\/wp\/v2\/product"}],"about":[{"href":"https:\/\/web-demo.com.tr\/kuaformalzeme\/wp-json\/wp\/v2\/types\/product"}],"replies":[{"embeddable":true,"href":"https:\/\/web-demo.com.tr\/kuaformalzeme\/wp-json\/wp\/v2\/comments?post=9230"}],"version-history":[{"count":1,"href":"https:\/\/web-demo.com.tr\/kuaformalzeme\/wp-json\/wp\/v2\/product\/9230\/revisions"}],"predecessor-version":[{"id":9232,"href":"https:\/\/web-demo.com.tr\/kuaformalzeme\/wp-json\/wp\/v2\/product\/9230\/revisions\/9232"}],"wp:featuredmedia":[{"embeddable":true,"href":"https:\/\/web-demo.com.tr\/kuaformalzeme\/wp-json\/wp\/v2\/media\/9231"}],"wp:attachment":[{"href":"https:\/\/web-demo.com.tr\/kuaformalzeme\/wp-json\/wp\/v2\/media?parent=9230"}],"wp:term":[{"taxonomy":"product_cat","embeddable":true,"href":"https:\/\/web-demo.com.tr\/kuaformalzeme\/wp-json\/wp\/v2\/product_cat?post=9230"},{"taxonomy":"product_tag","embeddable":true,"href":"https:\/\/web-demo.com.tr\/kuaformalzeme\/wp-json\/wp\/v2\/product_tag?post=9230"}],"curies":[{"name":"wp","href":"https:\/\/api.w.org\/{rel}","templated":true}]}}