{"id":8980,"date":"2021-12-06T14:25:07","date_gmt":"2021-12-06T11:25:07","guid":{"rendered":"http:\/\/localhost\/nehir\/?post_type=product&#038;p=8980"},"modified":"2024-01-02T21:19:18","modified_gmt":"2024-01-02T18:19:18","slug":"berber-koltugu-nhr-47","status":"publish","type":"product","link":"https:\/\/web-demo.com.tr\/kuaformalzeme\/urun\/berber-koltugu-nhr-47\/","title":{"rendered":"NHR-47<br>Berber Koltu\u011fu"},"content":{"rendered":"<p>M\u00fckemmel esneklik,<br \/>\nDo\u011fal Oturu\u015fu, koruyarak M\u00fc\u015fterilerinizin daha Rahat etmesini ama\u00e7lar.<\/p>\n<p>D\u00f6kme s\u00fcnger \u00fczeri deri kaplama.<\/p>\n","protected":false},"excerpt":{"rendered":"<p>M\u00fckemmel esneklik, Do\u011fal Oturu\u015fu, koruyarak M\u00fc\u015fterilerinizin daha Rahat etmesini ama\u00e7lar. D\u00f6kme s\u00fcnger \u00fczeri deri kaplama.<\/p>\n","protected":false},"featured_media":8981,"comment_status":"open","ping_status":"closed","template":"","meta":[],"product_cat":[31],"product_tag":[82],"class_list":["post-8980","product","type-product","status-publish","has-post-thumbnail","hentry","product_cat-berber-koltuklari","product_tag-berber-koltuklari"],"_links":{"self":[{"href":"https:\/\/web-demo.com.tr\/kuaformalzeme\/wp-json\/wp\/v2\/product\/8980","targetHints":{"allow":["GET"]}}],"collection":[{"href":"https:\/\/web-demo.com.tr\/kuaformalzeme\/wp-json\/wp\/v2\/product"}],"about":[{"href":"https:\/\/web-demo.com.tr\/kuaformalzeme\/wp-json\/wp\/v2\/types\/product"}],"replies":[{"embeddable":true,"href":"https:\/\/web-demo.com.tr\/kuaformalzeme\/wp-json\/wp\/v2\/comments?post=8980"}],"version-history":[{"count":7,"href":"https:\/\/web-demo.com.tr\/kuaformalzeme\/wp-json\/wp\/v2\/product\/8980\/revisions"}],"predecessor-version":[{"id":8988,"href":"https:\/\/web-demo.com.tr\/kuaformalzeme\/wp-json\/wp\/v2\/product\/8980\/revisions\/8988"}],"wp:featuredmedia":[{"embeddable":true,"href":"https:\/\/web-demo.com.tr\/kuaformalzeme\/wp-json\/wp\/v2\/media\/8981"}],"wp:attachment":[{"href":"https:\/\/web-demo.com.tr\/kuaformalzeme\/wp-json\/wp\/v2\/media?parent=8980"}],"wp:term":[{"taxonomy":"product_cat","embeddable":true,"href":"https:\/\/web-demo.com.tr\/kuaformalzeme\/wp-json\/wp\/v2\/product_cat?post=8980"},{"taxonomy":"product_tag","embeddable":true,"href":"https:\/\/web-demo.com.tr\/kuaformalzeme\/wp-json\/wp\/v2\/product_tag?post=8980"}],"curies":[{"name":"wp","href":"https:\/\/api.w.org\/{rel}","templated":true}]}}