{"id":8951,"date":"2021-12-06T13:30:54","date_gmt":"2021-12-06T10:30:54","guid":{"rendered":"http:\/\/localhost\/nehir\/?post_type=product&#038;p=8951"},"modified":"2024-01-02T21:49:53","modified_gmt":"2024-01-02T18:49:53","slug":"berber-koltuklari-22","status":"publish","type":"product","link":"https:\/\/web-demo.com.tr\/kuaformalzeme\/urun\/berber-koltuklari-22\/","title":{"rendered":"Berber Koltuklar\u0131"},"content":{"rendered":"<p>M\u00fckemmel esneklik,<br \/>\nDo\u011fal Oturu\u015fu, koruyarak M\u00fc\u015fterilerinizin daha Rahat etmesini ama\u00e7lar.<\/p>\n<p>D\u00f6kme s\u00fcnger \u00fczeri deri kaplama.<\/p>\n","protected":false},"excerpt":{"rendered":"<p>M\u00fckemmel esneklik, Do\u011fal Oturu\u015fu, koruyarak M\u00fc\u015fterilerinizin daha Rahat etmesini ama\u00e7lar. D\u00f6kme s\u00fcnger \u00fczeri deri kaplama.<\/p>\n","protected":false},"featured_media":8952,"comment_status":"open","ping_status":"closed","template":"","meta":[],"product_cat":[31],"product_tag":[82],"class_list":["post-8951","product","type-product","status-publish","has-post-thumbnail","hentry","product_cat-berber-koltuklari","product_tag-berber-koltuklari"],"_links":{"self":[{"href":"https:\/\/web-demo.com.tr\/kuaformalzeme\/wp-json\/wp\/v2\/product\/8951","targetHints":{"allow":["GET"]}}],"collection":[{"href":"https:\/\/web-demo.com.tr\/kuaformalzeme\/wp-json\/wp\/v2\/product"}],"about":[{"href":"https:\/\/web-demo.com.tr\/kuaformalzeme\/wp-json\/wp\/v2\/types\/product"}],"replies":[{"embeddable":true,"href":"https:\/\/web-demo.com.tr\/kuaformalzeme\/wp-json\/wp\/v2\/comments?post=8951"}],"version-history":[{"count":1,"href":"https:\/\/web-demo.com.tr\/kuaformalzeme\/wp-json\/wp\/v2\/product\/8951\/revisions"}],"predecessor-version":[{"id":8953,"href":"https:\/\/web-demo.com.tr\/kuaformalzeme\/wp-json\/wp\/v2\/product\/8951\/revisions\/8953"}],"wp:featuredmedia":[{"embeddable":true,"href":"https:\/\/web-demo.com.tr\/kuaformalzeme\/wp-json\/wp\/v2\/media\/8952"}],"wp:attachment":[{"href":"https:\/\/web-demo.com.tr\/kuaformalzeme\/wp-json\/wp\/v2\/media?parent=8951"}],"wp:term":[{"taxonomy":"product_cat","embeddable":true,"href":"https:\/\/web-demo.com.tr\/kuaformalzeme\/wp-json\/wp\/v2\/product_cat?post=8951"},{"taxonomy":"product_tag","embeddable":true,"href":"https:\/\/web-demo.com.tr\/kuaformalzeme\/wp-json\/wp\/v2\/product_tag?post=8951"}],"curies":[{"name":"wp","href":"https:\/\/api.w.org\/{rel}","templated":true}]}}