{"id":8918,"date":"2021-12-06T13:05:48","date_gmt":"2021-12-06T10:05:48","guid":{"rendered":"http:\/\/localhost\/nehir\/?post_type=product&#038;p=8918"},"modified":"2024-01-02T21:53:26","modified_gmt":"2024-01-02T18:53:26","slug":"berber-koltuklari-14","status":"publish","type":"product","link":"https:\/\/web-demo.com.tr\/kuaformalzeme\/urun\/berber-koltuklari-14\/","title":{"rendered":"Berber Koltuklar\u0131"},"content":{"rendered":"<p>M\u00fckemmel esneklik,<br \/>\nDo\u011fal Oturu\u015fu, koruyarak M\u00fc\u015fterilerinizin daha Rahat etmesini ama\u00e7lar.<\/p>\n<p>D\u00f6kme s\u00fcnger \u00fczeri deri kaplama.<\/p>\n","protected":false},"excerpt":{"rendered":"<p>M\u00fckemmel esneklik, Do\u011fal Oturu\u015fu, koruyarak M\u00fc\u015fterilerinizin daha Rahat etmesini ama\u00e7lar. D\u00f6kme s\u00fcnger \u00fczeri deri kaplama.<\/p>\n","protected":false},"featured_media":8921,"comment_status":"open","ping_status":"closed","template":"","meta":[],"product_cat":[31],"product_tag":[82],"class_list":["post-8918","product","type-product","status-publish","has-post-thumbnail","hentry","product_cat-berber-koltuklari","product_tag-berber-koltuklari"],"_links":{"self":[{"href":"https:\/\/web-demo.com.tr\/kuaformalzeme\/wp-json\/wp\/v2\/product\/8918","targetHints":{"allow":["GET"]}}],"collection":[{"href":"https:\/\/web-demo.com.tr\/kuaformalzeme\/wp-json\/wp\/v2\/product"}],"about":[{"href":"https:\/\/web-demo.com.tr\/kuaformalzeme\/wp-json\/wp\/v2\/types\/product"}],"replies":[{"embeddable":true,"href":"https:\/\/web-demo.com.tr\/kuaformalzeme\/wp-json\/wp\/v2\/comments?post=8918"}],"version-history":[{"count":1,"href":"https:\/\/web-demo.com.tr\/kuaformalzeme\/wp-json\/wp\/v2\/product\/8918\/revisions"}],"predecessor-version":[{"id":8922,"href":"https:\/\/web-demo.com.tr\/kuaformalzeme\/wp-json\/wp\/v2\/product\/8918\/revisions\/8922"}],"wp:featuredmedia":[{"embeddable":true,"href":"https:\/\/web-demo.com.tr\/kuaformalzeme\/wp-json\/wp\/v2\/media\/8921"}],"wp:attachment":[{"href":"https:\/\/web-demo.com.tr\/kuaformalzeme\/wp-json\/wp\/v2\/media?parent=8918"}],"wp:term":[{"taxonomy":"product_cat","embeddable":true,"href":"https:\/\/web-demo.com.tr\/kuaformalzeme\/wp-json\/wp\/v2\/product_cat?post=8918"},{"taxonomy":"product_tag","embeddable":true,"href":"https:\/\/web-demo.com.tr\/kuaformalzeme\/wp-json\/wp\/v2\/product_tag?post=8918"}],"curies":[{"name":"wp","href":"https:\/\/api.w.org\/{rel}","templated":true}]}}