{"id":10630,"date":"2021-12-10T17:43:30","date_gmt":"2021-12-10T14:43:30","guid":{"rendered":"https:\/\/web-demo.com.tr\/kuaformalzeme\/?post_type=product&#038;p=10630"},"modified":"2024-01-02T09:43:48","modified_gmt":"2024-01-02T06:43:48","slug":"nhr-1537","status":"publish","type":"product","link":"https:\/\/web-demo.com.tr\/kuaformalzeme\/urun\/nhr-1537\/","title":{"rendered":"NHR-1537"},"content":{"rendered":"<p>Bu Koltuklar Bak\u0131\u015f A\u00e7\u0131n\u0131z\u0131 De\u011fi\u015ftirecek\u2026<\/p>\n","protected":false},"excerpt":{"rendered":"<p>Bu Koltuklar Bak\u0131\u015f A\u00e7\u0131n\u0131z\u0131 De\u011fi\u015ftirecek\u2026<\/p>\n","protected":false},"featured_media":10631,"comment_status":"open","ping_status":"closed","template":"","meta":[],"product_cat":[41],"product_tag":[],"class_list":["post-10630","product","type-product","status-publish","has-post-thumbnail","hentry","product_cat-kuafor-koltuklari"],"_links":{"self":[{"href":"https:\/\/web-demo.com.tr\/kuaformalzeme\/wp-json\/wp\/v2\/product\/10630","targetHints":{"allow":["GET"]}}],"collection":[{"href":"https:\/\/web-demo.com.tr\/kuaformalzeme\/wp-json\/wp\/v2\/product"}],"about":[{"href":"https:\/\/web-demo.com.tr\/kuaformalzeme\/wp-json\/wp\/v2\/types\/product"}],"replies":[{"embeddable":true,"href":"https:\/\/web-demo.com.tr\/kuaformalzeme\/wp-json\/wp\/v2\/comments?post=10630"}],"version-history":[{"count":1,"href":"https:\/\/web-demo.com.tr\/kuaformalzeme\/wp-json\/wp\/v2\/product\/10630\/revisions"}],"predecessor-version":[{"id":10632,"href":"https:\/\/web-demo.com.tr\/kuaformalzeme\/wp-json\/wp\/v2\/product\/10630\/revisions\/10632"}],"wp:featuredmedia":[{"embeddable":true,"href":"https:\/\/web-demo.com.tr\/kuaformalzeme\/wp-json\/wp\/v2\/media\/10631"}],"wp:attachment":[{"href":"https:\/\/web-demo.com.tr\/kuaformalzeme\/wp-json\/wp\/v2\/media?parent=10630"}],"wp:term":[{"taxonomy":"product_cat","embeddable":true,"href":"https:\/\/web-demo.com.tr\/kuaformalzeme\/wp-json\/wp\/v2\/product_cat?post=10630"},{"taxonomy":"product_tag","embeddable":true,"href":"https:\/\/web-demo.com.tr\/kuaformalzeme\/wp-json\/wp\/v2\/product_tag?post=10630"}],"curies":[{"name":"wp","href":"https:\/\/api.w.org\/{rel}","templated":true}]}}