{"id":10590,"date":"2021-12-10T17:09:13","date_gmt":"2021-12-10T14:09:13","guid":{"rendered":"https:\/\/web-demo.com.tr\/kuaformalzeme\/?post_type=product&#038;p=10590"},"modified":"2023-12-28T00:38:55","modified_gmt":"2023-12-27T21:38:55","slug":"nhr-1008","status":"publish","type":"product","link":"https:\/\/web-demo.com.tr\/kuaformalzeme\/urun\/nhr-1008\/","title":{"rendered":"NHR-1008"},"content":{"rendered":"<p>Bu Koltuklar Bak\u0131\u015f A\u00e7\u0131n\u0131z\u0131 De\u011fi\u015ftirecek\u2026<\/p>\n","protected":false},"excerpt":{"rendered":"<p>Bu Koltuklar Bak\u0131\u015f A\u00e7\u0131n\u0131z\u0131 De\u011fi\u015ftirecek\u2026<\/p>\n","protected":false},"featured_media":10591,"comment_status":"open","ping_status":"closed","template":"","meta":[],"product_cat":[41],"product_tag":[],"class_list":["post-10590","product","type-product","status-publish","has-post-thumbnail","hentry","product_cat-kuafor-koltuklari"],"_links":{"self":[{"href":"https:\/\/web-demo.com.tr\/kuaformalzeme\/wp-json\/wp\/v2\/product\/10590","targetHints":{"allow":["GET"]}}],"collection":[{"href":"https:\/\/web-demo.com.tr\/kuaformalzeme\/wp-json\/wp\/v2\/product"}],"about":[{"href":"https:\/\/web-demo.com.tr\/kuaformalzeme\/wp-json\/wp\/v2\/types\/product"}],"replies":[{"embeddable":true,"href":"https:\/\/web-demo.com.tr\/kuaformalzeme\/wp-json\/wp\/v2\/comments?post=10590"}],"version-history":[{"count":1,"href":"https:\/\/web-demo.com.tr\/kuaformalzeme\/wp-json\/wp\/v2\/product\/10590\/revisions"}],"predecessor-version":[{"id":10592,"href":"https:\/\/web-demo.com.tr\/kuaformalzeme\/wp-json\/wp\/v2\/product\/10590\/revisions\/10592"}],"wp:featuredmedia":[{"embeddable":true,"href":"https:\/\/web-demo.com.tr\/kuaformalzeme\/wp-json\/wp\/v2\/media\/10591"}],"wp:attachment":[{"href":"https:\/\/web-demo.com.tr\/kuaformalzeme\/wp-json\/wp\/v2\/media?parent=10590"}],"wp:term":[{"taxonomy":"product_cat","embeddable":true,"href":"https:\/\/web-demo.com.tr\/kuaformalzeme\/wp-json\/wp\/v2\/product_cat?post=10590"},{"taxonomy":"product_tag","embeddable":true,"href":"https:\/\/web-demo.com.tr\/kuaformalzeme\/wp-json\/wp\/v2\/product_tag?post=10590"}],"curies":[{"name":"wp","href":"https:\/\/api.w.org\/{rel}","templated":true}]}}