{"id":10000,"date":"2021-12-07T22:31:33","date_gmt":"2021-12-07T19:31:33","guid":{"rendered":"http:\/\/192.168.1.25\/nehir\/?post_type=product&#038;p=10000"},"modified":"2024-01-16T12:57:55","modified_gmt":"2024-01-16T09:57:55","slug":"nhr-2501","status":"publish","type":"product","link":"https:\/\/web-demo.com.tr\/kuaformalzeme\/urun\/nhr-2501\/","title":{"rendered":"NHR-2501"},"content":{"rendered":"<p>H\/B: 95 cm &#8211; W\/E: 67 cm &#8211; D\/D: 130 cm<\/p>\n<p>Modern ve \u015f\u0131k tasar\u0131mlar.<\/p>\n<p>Y\u0131kama setlerine farkl\u0131 bir yorum getirdik&#8230;<\/p>\n","protected":false},"excerpt":{"rendered":"<p>H\/B: 95 cm &#8211; W\/E: 67 cm &#8211; D\/D: 130 cm Modern ve \u015f\u0131k tasar\u0131mlar. Y\u0131kama setlerine farkl\u0131 bir yorum getirdik&#8230;<\/p>\n","protected":false},"featured_media":10001,"comment_status":"open","ping_status":"closed","template":"","meta":[],"product_cat":[94],"product_tag":[95],"class_list":["post-10000","product","type-product","status-publish","has-post-thumbnail","hentry","product_cat-yikama-setleri","product_tag-yikama-setleri"],"_links":{"self":[{"href":"https:\/\/web-demo.com.tr\/kuaformalzeme\/wp-json\/wp\/v2\/product\/10000","targetHints":{"allow":["GET"]}}],"collection":[{"href":"https:\/\/web-demo.com.tr\/kuaformalzeme\/wp-json\/wp\/v2\/product"}],"about":[{"href":"https:\/\/web-demo.com.tr\/kuaformalzeme\/wp-json\/wp\/v2\/types\/product"}],"replies":[{"embeddable":true,"href":"https:\/\/web-demo.com.tr\/kuaformalzeme\/wp-json\/wp\/v2\/comments?post=10000"}],"version-history":[{"count":1,"href":"https:\/\/web-demo.com.tr\/kuaformalzeme\/wp-json\/wp\/v2\/product\/10000\/revisions"}],"predecessor-version":[{"id":10002,"href":"https:\/\/web-demo.com.tr\/kuaformalzeme\/wp-json\/wp\/v2\/product\/10000\/revisions\/10002"}],"wp:featuredmedia":[{"embeddable":true,"href":"https:\/\/web-demo.com.tr\/kuaformalzeme\/wp-json\/wp\/v2\/media\/10001"}],"wp:attachment":[{"href":"https:\/\/web-demo.com.tr\/kuaformalzeme\/wp-json\/wp\/v2\/media?parent=10000"}],"wp:term":[{"taxonomy":"product_cat","embeddable":true,"href":"https:\/\/web-demo.com.tr\/kuaformalzeme\/wp-json\/wp\/v2\/product_cat?post=10000"},{"taxonomy":"product_tag","embeddable":true,"href":"https:\/\/web-demo.com.tr\/kuaformalzeme\/wp-json\/wp\/v2\/product_tag?post=10000"}],"curies":[{"name":"wp","href":"https:\/\/api.w.org\/{rel}","templated":true}]}}