{"id":110,"date":"2016-01-16T05:16:48","date_gmt":"2016-01-16T05:16:48","guid":{"rendered":"http:\/\/demo.thembay.com\/megabuy2\/?page_id=110"},"modified":"2021-12-10T17:00:03","modified_gmt":"2021-12-10T14:00:03","slug":"home","status":"publish","type":"page","link":"https:\/\/web-demo.com.tr\/kuaformalzeme\/","title":{"rendered":"Anasayfa"},"content":{"rendered":"<p>[vc_row full_width=&#8221;stretch_row_content_no_spaces&#8221; conainer_full=&#8221;1&#8243; css=&#8221;.vc_custom_1548149164547{padding-bottom: 35px !important;}&#8221;][vc_column]\n\t\t\t<!-- START Furniture REVOLUTION SLIDER 6.5.9 --><p class=\"rs-p-wp-fix\"><\/p>\n\t\t\t<rs-module-wrap id=\"rev_slider_1_1_wrapper\" data-source=\"gallery\" style=\"visibility:hidden;background:transparent;padding:0;margin:0px auto;margin-top:0;margin-bottom:0;\">\n\t\t\t\t<rs-module id=\"rev_slider_1_1\" style=\"\" data-version=\"6.5.9\">\n\t\t\t\t\t<rs-slides>\n\t\t\t\t\t\t<rs-slide style=\"position: absolute;\" data-key=\"rs-1\" data-title=\"Slide\" data-thumb=\"\/\/kuaformalzeme.com\/wp-content\/uploads\/2021\/12\/1.jpg\" data-anim=\"p:dark;\" data-in=\"o:0;\" data-out=\"o:0;\">\n\t\t\t\t\t\t\t<img loading=\"lazy\" decoding=\"async\" src=\"\/\/web-demo.com.tr\/kuaformalzeme\/wp-content\/plugins\/revslider\/public\/assets\/assets\/dummy.png\" title=\"1\" width=\"965\" height=\"430\" class=\"rev-slidebg tp-rs-img rs-lazyload\" data-lazyload=\"\/\/kuaformalzeme.com\/wp-content\/uploads\/2021\/12\/1.jpg\" data-no-retina>\n<!--\n\t\t\t\t\t\t\t--><rs-layer\n\t\t\t\t\t\t\t\tid=\"slider-1-slide-1-layer-1\" \n\t\t\t\t\t\t\t\tdata-type=\"text\"\n\t\t\t\t\t\t\t\tdata-rsp_ch=\"on\"\n\t\t\t\t\t\t\t\tdata-xy=\"x:c;xo:0,-3px,-3px,0;yo:140px,140px,140px,151px;\"\n\t\t\t\t\t\t\t\tdata-text=\"w:normal;s:52,50,50,28;l:60,46,46,30;ls:-2px,-1px,-1px,0;fw:600,500,500,600;a:center;\"\n\t\t\t\t\t\t\t\tdata-dim=\"w:506px,506px,506px,330px;h:117px,auto,auto,61px;\"\n\t\t\t\t\t\t\t\tdata-frame_0=\"y:-100%;o:1;\"\n\t\t\t\t\t\t\t\tdata-frame_0_mask=\"u:t;\"\n\t\t\t\t\t\t\t\tdata-frame_1=\"e:power2.inOut;st:100;sp:2000;sR:100;\"\n\t\t\t\t\t\t\t\tdata-frame_1_mask=\"u:t;\"\n\t\t\t\t\t\t\t\tdata-frame_999=\"o:0;e:nothing;st:w;sp:0;sR:6900;\"\n\t\t\t\t\t\t\t\tstyle=\"z-index:8;font-family:'Poppins';\"\n\t\t\t\t\t\t\t><span style=\"color:#CA0815\">Nehir Mobilya<\/span> Modern, Kaliteli<i><\/i> \n\t\t\t\t\t\t\t<\/rs-layer><!--\n\n\t\t\t\t\t\t\t--><rs-layer\n\t\t\t\t\t\t\t\tid=\"slider-1-slide-1-layer-2\" \n\t\t\t\t\t\t\t\tdata-type=\"text\"\n\t\t\t\t\t\t\t\tdata-rsp_ch=\"on\"\n\t\t\t\t\t\t\t\tdata-xy=\"x:c,l,c,c;xo:0,406px,0,0;yo:253px,240px,240px,221px;\"\n\t\t\t\t\t\t\t\tdata-text=\"s:14,14,14,15;l:26,25,25,25;fw:300,300,300,400;a:inherit,inherit,inherit,center;\"\n\t\t\t\t\t\t\t\tdata-frame_0=\"y:-100%;o:1;\"\n\t\t\t\t\t\t\t\tdata-frame_0_mask=\"u:t;\"\n\t\t\t\t\t\t\t\tdata-frame_1=\"e:power2.inOut;st:200;sp:2000;sR:200;\"\n\t\t\t\t\t\t\t\tdata-frame_1_mask=\"u:t;\"\n\t\t\t\t\t\t\t\tdata-frame_999=\"o:0;e:nothing;st:w;sp:0;sR:6800;\"\n\t\t\t\t\t\t\t\tstyle=\"z-index:9;font-family:'Poppins';\"\n\t\t\t\t\t\t\t>www.nehirmobilya.com sitemizi ziyaret edebilirsiniz. \n\t\t\t\t\t\t\t<\/rs-layer><!--\n-->\t\t\t\t\t\t<\/rs-slide>\n\t\t\t\t\t\t<rs-slide style=\"position: absolute;\" data-key=\"rs-2\" data-title=\"Slide\" data-thumb=\"\/\/kuaformalzeme.com\/wp-content\/uploads\/2021\/12\/2-1.jpg\" data-anim=\"p:dark;\" data-in=\"o:0;\" data-out=\"o:0;\">\n\t\t\t\t\t\t\t<img loading=\"lazy\" decoding=\"async\" src=\"\/\/web-demo.com.tr\/kuaformalzeme\/wp-content\/plugins\/revslider\/public\/assets\/assets\/dummy.png\" title=\"2\" width=\"960\" height=\"540\" class=\"rev-slidebg tp-rs-img rs-lazyload\" data-lazyload=\"\/\/kuaformalzeme.com\/wp-content\/uploads\/2021\/12\/2-1.jpg\" data-no-retina>\n<!--\n\t\t\t\t\t\t\t--><rs-layer\n\t\t\t\t\t\t\t\tid=\"slider-1-slide-2-layer-1\" \n\t\t\t\t\t\t\t\tdata-type=\"text\"\n\t\t\t\t\t\t\t\tdata-rsp_ch=\"on\"\n\t\t\t\t\t\t\t\tdata-xy=\"x:c;xo:0,-3px,-3px,0;yo:129px,140px,140px,151px;\"\n\t\t\t\t\t\t\t\tdata-text=\"w:normal;s:52,50,50,28;l:60,46,46,30;ls:-2px,-1px,-1px,0;fw:600,500,500,600;a:center;\"\n\t\t\t\t\t\t\t\tdata-dim=\"w:589px,506px,506px,330px;h:auto,auto,auto,61px;\"\n\t\t\t\t\t\t\t\tdata-frame_0=\"y:-100%;o:1;\"\n\t\t\t\t\t\t\t\tdata-frame_0_mask=\"u:t;\"\n\t\t\t\t\t\t\t\tdata-frame_1=\"e:power2.inOut;st:100;sp:2000;sR:100;\"\n\t\t\t\t\t\t\t\tdata-frame_1_mask=\"u:t;\"\n\t\t\t\t\t\t\t\tdata-frame_999=\"o:0;e:nothing;st:w;sp:0;sR:6900;\"\n\t\t\t\t\t\t\t\tstyle=\"z-index:8;font-family:'Poppins';\"\n\t\t\t\t\t\t\t>Estetik <span class=\"color-2\">Kaliteli<\/span> Yeni Sezon \u00dcr\u00fcnler <i>2021.<\/i> \n\t\t\t\t\t\t\t<\/rs-layer><!--\n\n\t\t\t\t\t\t\t--><rs-layer\n\t\t\t\t\t\t\t\tid=\"slider-1-slide-2-layer-2\" \n\t\t\t\t\t\t\t\tdata-type=\"text\"\n\t\t\t\t\t\t\t\tdata-rsp_ch=\"on\"\n\t\t\t\t\t\t\t\tdata-xy=\"x:c,l,c,c;xo:0,406px,0,0;yo:243px,240px,240px,221px;\"\n\t\t\t\t\t\t\t\tdata-text=\"s:14,14,14,15;l:26,25,25,25;fw:300,300,300,400;a:center,inherit,inherit,center;\"\n\t\t\t\t\t\t\t\tdata-frame_0=\"y:-100%;o:1;\"\n\t\t\t\t\t\t\t\tdata-frame_0_mask=\"u:t;\"\n\t\t\t\t\t\t\t\tdata-frame_1=\"e:power2.inOut;st:200;sp:2000;sR:200;\"\n\t\t\t\t\t\t\t\tdata-frame_1_mask=\"u:t;\"\n\t\t\t\t\t\t\t\tdata-frame_999=\"o:0;e:nothing;st:w;sp:0;sR:6800;\"\n\t\t\t\t\t\t\t\tstyle=\"z-index:9;font-family:'Poppins';\"\n\t\t\t\t\t\t\t>\nwww.nehirmobilya.com sitemizi ziyaret edebilirsiniz.\n \n\t\t\t\t\t\t\t<\/rs-layer><!--\n-->\t\t\t\t\t\t<\/rs-slide>\n\t\t\t\t\t<\/rs-slides>\n\t\t\t\t<\/rs-module>\n\t\t\t\t<script type=\"text\/javascript\">\n\t\t\t\t\tsetREVStartSize({c: 'rev_slider_1_1',rl:[1240,1024,778,480],el:[470,470,470,470],gw:[1200,1024,778,480],gh:[470,470,470,470],type:'standard',justify:'',layout:'fullwidth',mh:\"0\"});if (window.RS_MODULES!==undefined && window.RS_MODULES.modules!==undefined && window.RS_MODULES.modules[\"revslider11\"]!==undefined) {window.RS_MODULES.modules[\"revslider11\"].once = false;window.revapi1 = undefined;if (window.RS_MODULES.checkMinimal!==undefined) window.RS_MODULES.checkMinimal()}\n\t\t\t\t<\/script>\n\t\t\t<\/rs-module-wrap>\n\t\t\t<!-- END REVOLUTION SLIDER -->\n[\/vc_column][\/vc_row][vc_row css=&#8221;.vc_custom_1548150614902{padding-bottom: 32px !important;}&#8221;][vc_column css_animation=&#8221;none&#8221;][tbay_custom_image_list_categories categoriestabs=&#8221;%5B%7B%22category%22%3A%2231%22%2C%22icon%22%3A%22linear-icon-bed%22%2C%22images%22%3A%228833%22%7D%2C%7B%22category%22%3A%2247%22%2C%22icon%22%3A%22linear-icon-drawers3%22%2C%22images%22%3A%228852%22%7D%2C%7B%22category%22%3A%2241%22%2C%22images%22%3A%2210567%22%7D%2C%7B%22category%22%3A%2238%22%2C%22icon%22%3A%22linear-icon-chair%22%2C%22images%22%3A%228835%22%7D%2C%7B%22category%22%3A%2232%22%2C%22icon%22%3A%22linear-icon-lampshade%22%2C%22images%22%3A%228839%22%7D%2C%7B%22category%22%3A%2296%22%2C%22images%22%3A%2210131%22%7D%2C%7B%22category%22%3A%2240%22%2C%22icon%22%3A%22linear-icon-construction-cone%22%2C%22images%22%3A%228850%22%7D%2C%7B%22category%22%3A%22102%22%2C%22images%22%3A%2210492%22%7D%2C%7B%22category%22%3A%22100%22%2C%22images%22%3A%2210216%22%7D%2C%7B%22category%22%3A%2248%22%2C%22icon%22%3A%22linear-icon-couch%22%2C%22images%22%3A%228823%22%2C%22custom_link%22%3A%22%23%22%7D%2C%7B%22category%22%3A%2241%22%2C%22icon%22%3A%22linear-icon-clock%22%2C%22images%22%3A%228848%22%7D%2C%7B%22category%22%3A%2292%22%2C%22images%22%3A%229885%22%7D%2C%7B%22category%22%3A%2294%22%2C%22images%22%3A%2210005%22%7D%2C%7B%22category%22%3A%2230%22%2C%22icon%22%3A%22linear-icon-bathtub%22%2C%22images%22%3A%228846%22%7D%2C%7B%22category%22%3A%2298%22%2C%22images%22%3A%2210181%22%7D%2C%7B%22category%22%3A%22103%22%2C%22images%22%3A%2210379%22%7D%2C%7B%22category%22%3A%22104%22%2C%22images%22%3A%2210420%22%7D%5D&#8221; layout_type=&#8221;carousel&#8221; count_item=&#8221;&#8221; rows=&#8221;1&#8243; nav_type=&#8221;yes&#8221; disable_mobile=&#8221;&#8221; columns=&#8221;6&#8243; screen_desktop=&#8221;6&#8243; screen_desktopsmall=&#8221;5&#8243;][\/vc_column][\/vc_row][vc_row css=&#8221;.vc_custom_1548209762238{padding-top: 40px !important;padding-bottom: 50px !important;}&#8221;][vc_column][tbay_productstabs title=&#8221;\u00d6nerilenler&#8221; producttabs=&#8221;top_rate,recent_product&#8221; layout_type=&#8221;carousel&#8221; ajax_tabs=&#8221;yes&#8221; rows=&#8221;1&#8243; pagi_type=&#8221;yes&#8221;][\/vc_column][\/vc_row][vc_row full_width=&#8221;stretch_row&#8221; css=&#8221;.vc_custom_1548210059250{padding-top: 63px !important;padding-bottom: 45px !important;background-color: #f5f5f5 !important;}&#8221;][vc_column][tbay_categoriestabs title=&#8221;\u00d6zel \u00dcr\u00fcnler&#8221; categoriestabs=&#8221;%5B%7B%22category%22%3A%2240%22%7D%2C%7B%22category%22%3A%2232%22%7D%2C%7B%22category%22%3A%2231%22%7D%2C%7B%22category%22%3A%2238%22%7D%2C%7B%22category%22%3A%2240%22%7D%2C%7B%22category%22%3A%2248%22%7D%5D&#8221; type_product=&#8221;random_product&#8221; number=&#8221;8&#8243; ajax_tabs=&#8221;yes&#8221;][\/vc_column][\/vc_row][vc_row css=&#8221;.vc_custom_1552269654677{padding-top: 10px !important;padding-bottom: 33px !important;}&#8221;][vc_column][tbay_brands layout_type=&#8221;carousel&#8221; rows=&#8221;1&#8243; pagi_type=&#8221;yes&#8221; disable_mobile=&#8221;&#8221; columns=&#8221;5&#8243; screen_desktop=&#8221;5&#8243; screen_desktopsmall=&#8221;4&#8243;][\/vc_column][\/vc_row]<\/p>\n","protected":false},"excerpt":{"rendered":"<p>[vc_row full_width=&#8221;stretch_row_content_no_spaces&#8221; conainer_full=&#8221;1&#8243; css=&#8221;.vc_custom_1548149164547{padding-bottom: 35px !important;}&#8221;][vc_column][\/vc_column][\/vc_row][vc_row css=&#8221;.vc_custom_1548150614902{padding-bottom: 32px !important;}&#8221;][vc_column css_animation=&#8221;none&#8221;][tbay_custom_image_list_categories categoriestabs=&#8221;%5B%7B%22category%22%3A%2231%22%2C%22icon%22%3A%22linear-icon-bed%22%2C%22images%22%3A%228833%22%7D%2C%7B%22category%22%3A%2247%22%2C%22icon%22%3A%22linear-icon-drawers3%22%2C%22images%22%3A%228852%22%7D%2C%7B%22category%22%3A%2241%22%2C%22images%22%3A%2210567%22%7D%2C%7B%22category%22%3A%2238%22%2C%22icon%22%3A%22linear-icon-chair%22%2C%22images%22%3A%228835%22%7D%2C%7B%22category%22%3A%2232%22%2C%22icon%22%3A%22linear-icon-lampshade%22%2C%22images%22%3A%228839%22%7D%2C%7B%22category%22%3A%2296%22%2C%22images%22%3A%2210131%22%7D%2C%7B%22category%22%3A%2240%22%2C%22icon%22%3A%22linear-icon-construction-cone%22%2C%22images%22%3A%228850%22%7D%2C%7B%22category%22%3A%22102%22%2C%22images%22%3A%2210492%22%7D%2C%7B%22category%22%3A%22100%22%2C%22images%22%3A%2210216%22%7D%2C%7B%22category%22%3A%2248%22%2C%22icon%22%3A%22linear-icon-couch%22%2C%22images%22%3A%228823%22%2C%22custom_link%22%3A%22%23%22%7D%2C%7B%22category%22%3A%2241%22%2C%22icon%22%3A%22linear-icon-clock%22%2C%22images%22%3A%228848%22%7D%2C%7B%22category%22%3A%2292%22%2C%22images%22%3A%229885%22%7D%2C%7B%22category%22%3A%2294%22%2C%22images%22%3A%2210005%22%7D%2C%7B%22category%22%3A%2230%22%2C%22icon%22%3A%22linear-icon-bathtub%22%2C%22images%22%3A%228846%22%7D%2C%7B%22category%22%3A%2298%22%2C%22images%22%3A%2210181%22%7D%2C%7B%22category%22%3A%22103%22%2C%22images%22%3A%2210379%22%7D%2C%7B%22category%22%3A%22104%22%2C%22images%22%3A%2210420%22%7D%5D&#8221; layout_type=&#8221;carousel&#8221; count_item=&#8221;&#8221; rows=&#8221;1&#8243; nav_type=&#8221;yes&#8221; disable_mobile=&#8221;&#8221; columns=&#8221;6&#8243; screen_desktop=&#8221;6&#8243; screen_desktopsmall=&#8221;5&#8243;][\/vc_column][\/vc_row][vc_row css=&#8221;.vc_custom_1548209762238{padding-top: 40px !important;padding-bottom: 50px !important;}&#8221;][vc_column][tbay_productstabs title=&#8221;\u00d6nerilenler&#8221; producttabs=&#8221;top_rate,recent_product&#8221; layout_type=&#8221;carousel&#8221; ajax_tabs=&#8221;yes&#8221; rows=&#8221;1&#8243; pagi_type=&#8221;yes&#8221;][\/vc_column][\/vc_row][vc_row full_width=&#8221;stretch_row&#8221; css=&#8221;.vc_custom_1548210059250{padding-top: 63px !important;padding-bottom: 45px !important;background-color: #f5f5f5 !important;}&#8221;][vc_column][tbay_categoriestabs title=&#8221;\u00d6zel \u00dcr\u00fcnler&#8221; categoriestabs=&#8221;%5B%7B%22category%22%3A%2240%22%7D%2C%7B%22category%22%3A%2232%22%7D%2C%7B%22category%22%3A%2231%22%7D%2C%7B%22category%22%3A%2238%22%7D%2C%7B%22category%22%3A%2240%22%7D%2C%7B%22category%22%3A%2248%22%7D%5D&#8221; type_product=&#8221;random_product&#8221; number=&#8221;8&#8243; ajax_tabs=&#8221;yes&#8221;][\/vc_column][\/vc_row][vc_row css=&#8221;.vc_custom_1552269654677{padding-top: 10px !important;padding-bottom: 33px !important;}&#8221;][vc_column][tbay_brands layout_type=&#8221;carousel&#8221; rows=&#8221;1&#8243; pagi_type=&#8221;yes&#8221; disable_mobile=&#8221;&#8221; columns=&#8221;5&#8243; screen_desktop=&#8221;5&#8243; &hellip; <a href=\"https:\/\/web-demo.com.tr\/kuaformalzeme\/\" class=\"more-link\">Continue reading <span class=\"screen-reader-text\">Anasayfa<\/span><\/a><\/p>\n","protected":false},"author":1,"featured_media":0,"parent":0,"menu_order":0,"comment_status":"closed","ping_status":"closed","template":"","meta":{"footnotes":""},"class_list":["post-110","page","type-page","status-publish","hentry"],"_links":{"self":[{"href":"https:\/\/web-demo.com.tr\/kuaformalzeme\/wp-json\/wp\/v2\/pages\/110","targetHints":{"allow":["GET"]}}],"collection":[{"href":"https:\/\/web-demo.com.tr\/kuaformalzeme\/wp-json\/wp\/v2\/pages"}],"about":[{"href":"https:\/\/web-demo.com.tr\/kuaformalzeme\/wp-json\/wp\/v2\/types\/page"}],"author":[{"embeddable":true,"href":"https:\/\/web-demo.com.tr\/kuaformalzeme\/wp-json\/wp\/v2\/users\/1"}],"replies":[{"embeddable":true,"href":"https:\/\/web-demo.com.tr\/kuaformalzeme\/wp-json\/wp\/v2\/comments?post=110"}],"version-history":[{"count":42,"href":"https:\/\/web-demo.com.tr\/kuaformalzeme\/wp-json\/wp\/v2\/pages\/110\/revisions"}],"predecessor-version":[{"id":10568,"href":"https:\/\/web-demo.com.tr\/kuaformalzeme\/wp-json\/wp\/v2\/pages\/110\/revisions\/10568"}],"wp:attachment":[{"href":"https:\/\/web-demo.com.tr\/kuaformalzeme\/wp-json\/wp\/v2\/media?parent=110"}],"curies":[{"name":"wp","href":"https:\/\/api.w.org\/{rel}","templated":true}]}}